{"id":2153,"date":"2023-01-22T19:01:17","date_gmt":"2023-01-22T19:01:17","guid":{"rendered":"https:\/\/isend.live\/?page_id=2153"},"modified":"2023-01-25T15:53:08","modified_gmt":"2023-01-25T15:53:08","slug":"terms-conditions","status":"publish","type":"page","link":"https:\/\/isend.live\/it\/terms-conditions\/","title":{"rendered":"Termini &amp; Condizioni"},"content":{"rendered":"<div data-elementor-type=\"wp-page\" data-elementor-id=\"2153\" class=\"elementor elementor-2153\" data-elementor-post-type=\"page\">\n\t\t\t\t\t\t<section class=\"elementor-section elementor-top-section elementor-element elementor-element-7ee00cf1 elementor-section-height-min-height elementor-section-boxed elementor-section-height-default elementor-section-items-middle\" data-id=\"7ee00cf1\" data-element_type=\"section\" data-e-type=\"section\" data-settings=\"{&quot;background_background&quot;:&quot;classic&quot;}\">\n\t\t\t\t\t\t\t<div class=\"elementor-background-overlay\"><\/div>\n\t\t\t\t\t\t\t<div class=\"elementor-container elementor-column-gap-default\">\n\t\t\t\t\t<div class=\"elementor-column elementor-col-100 elementor-top-column elementor-element elementor-element-19c0d5d9\" data-id=\"19c0d5d9\" data-element_type=\"column\" data-e-type=\"column\">\n\t\t\t<div class=\"elementor-widget-wrap elementor-element-populated\">\n\t\t\t\t\t\t<div class=\"elementor-element elementor-element-622bba7 elementor-widget elementor-widget-heading\" data-id=\"622bba7\" data-element_type=\"widget\" data-e-type=\"widget\" data-widget_type=\"heading.default\">\n\t\t\t\t<div class=\"elementor-widget-container\">\n\t\t\t\t\t<h1 class=\"elementor-heading-title elementor-size-default\">Termini &amp; Condizioni<\/h1>\t\t\t\t<\/div>\n\t\t\t\t<\/div>\n\t\t\t\t\t<\/div>\n\t\t<\/div>\n\t\t\t\t\t<\/div>\n\t\t<\/section>\n\t\t\t\t<section class=\"elementor-section elementor-top-section elementor-element elementor-element-7ba8f16 elementor-section-boxed elementor-section-height-default elementor-section-height-default\" data-id=\"7ba8f16\" data-element_type=\"section\" data-e-type=\"section\">\n\t\t\t\t\t\t<div class=\"elementor-container elementor-column-gap-default\">\n\t\t\t\t\t<div class=\"elementor-column elementor-col-100 elementor-top-column elementor-element elementor-element-5eeebe4\" data-id=\"5eeebe4\" data-element_type=\"column\" data-e-type=\"column\">\n\t\t\t<div class=\"elementor-widget-wrap elementor-element-populated\">\n\t\t\t\t\t\t<div class=\"elementor-element elementor-element-fbd9f0f elementor-widget elementor-widget-text-editor\" data-id=\"fbd9f0f\" data-element_type=\"widget\" data-e-type=\"widget\" data-widget_type=\"text-editor.default\">\n\t\t\t\t<div class=\"elementor-widget-container\">\n\t\t\t\t\t\t\t\t\t<p>Termini e condizioni di iSend.live<br \/>I seguenti termini e condizioni (Termini e condizioni) regolano l&#039;utilizzo di questo sito Web e qualsiasi contenuto reso disponibile da o attraverso i seguenti siti Web iSend.live (Siti), inclusi ma non limitati a:<\/p><p>Nome del sito: isend.live<\/p><p>I Siti sono di propriet\u00e0 e gestiti da iSend.live. (iSend.live o noi o noi). L&#039;uso e l&#039;accesso ai Siti implicano l&#039;accettazione di questi Termini e Condizioni.<\/p><p>1. Registrazione<br \/>Non \u00e8 necessario essere un membro dei Siti per accedere ai Siti o utilizzare i contenuti oi servizi. Tuttavia, l&#039;accesso ad alcune aree dei Siti e ad alcuni contenuti e servizi potrebbe essere limitato ai soli membri.<br \/>Una volta diventato un membro, ti verr\u00e0 richiesto di stipulare un contratto di abbonamento separato.<\/p><p>2. Diritti di propriet\u00e0<br \/>L&#039;utilizzo dei Siti non garantisce all&#039;utente alcuna propriet\u00e0 o interesse in contenuti, codici, dati o materiali a cui \u00e8 possibile accedere su o tramite i Siti o diritti di propriet\u00e0 intellettuale esistenti su contenuti, codici, dati o materiali a cui \u00e8 possibile accedere o tramite i Siti.<br \/>\u00c8 possibile scaricare una singola copia di qualsiasi contenuto contenuto nei Siti, esclusivamente per uso personale e non commerciale, in conformit\u00e0 con questi termini di utilizzo, a condizione che si mantenga il copyright e altri avvisi contenuti in tale contenuto. Ci\u00f2 esclude i prodotti disponibili per la vendita\/licenze sui Siti.<br \/>L&#039;uso dei Siti non garantisce all&#039;utente alcuna propriet\u00e0 o interesse su qualsiasi contenuto, codice, dato o materiale a cui \u00e8 possibile accedere su o tramite i Siti o alcun diritto di propriet\u00e0 intellettuale esistente su qualsiasi contenuto, codice, dato o materiale a cui pu\u00f2 essere accessibili o attraverso i siti.<br \/>Se utilizzi i Siti o i Prodotti in qualsiasi altro modo, il contenuto, il codice, i dati o i materiali presenti sui Siti o disponibili tramite i Siti, salvo quanto diversamente indicato sopra, violeranno il diritto d&#039;autore e le altre leggi italiane di altri paesi e secondo quanto previsto leggi statali e possono essere soggetti a responsabilit\u00e0 per tale uso non autorizzato.<\/p><p>3. Agente del copyright<br \/>Rispettiamo i diritti di propriet\u00e0 intellettuale di terzi e richiediamo che le persone che utilizzano i Siti, o i servizi o le funzionalit\u00e0 resi disponibili su o attraverso i Siti, facciano lo stesso.<br \/>Se ritieni che il tuo lavoro sia stato copiato in un modo che costituisce una violazione del copyright, inoltra le seguenti informazioni a iSend.live:<br \/>il tuo indirizzo, numero di telefono e indirizzo e-mail;<br \/>una descrizione dell&#039;ubicazione del materiale in presunta violazione;<br \/>una descrizione dell&#039;opera protetta da copyright che si ritiene sia stata violata; \u00c8<br \/>una tua dichiarazione attestante che le informazioni di cui sopra nella tua notifica sono accurate e che sei il proprietario del copyright o autorizzato ad agire per conto del proprietario del copyright.<\/p><p>4. Marchi<br \/>marchi I marchi, i loghi, i marchi di servizio ei nomi commerciali (collettivamente i marchi) visualizzati sui siti o sui contenuti disponibili attraverso i siti sono marchi registrati e non registrati di iSend.live e altri.<br \/>Nulla di quanto contenuto nei Siti deve essere interpretato come concessione esplicita o implicita di qualsiasi licenza o diritto di utilizzare qualsiasi Marchio visualizzato sui Siti senza l&#039;autorizzazione scritta di iSend.live o di qualsiasi terza parte che possa possedere il Marchio applicabile.<\/p><p>5. Modifiche ai Termini e Condizioni<br \/>iSend.live pu\u00f2, a sua esclusiva discrezione, rivedere o modificare questi Termini e Condizioni (in tutto o in parte) di volta in volta e in qualsiasi momento senza preavviso.<br \/>Le modifiche ai Termini e condizioni entreranno in vigore una volta pubblicate da noi sui Siti.<br \/>L&#039;uso continuato dei Siti e\/o dei servizi resi disponibili su o tramite i Siti in seguito alla pubblicazione di eventuali modifiche ai Termini e condizioni sar\u00e0 considerato come accettazione di tali modifiche.<\/p><p>6. Informazioni sull&#039;utente<br \/>Nel corso dell&#039;utilizzo dei Siti e\/o dei contenuti o dei servizi resi disponibili su o tramite i Siti, potrebbe essere richiesto di fornirci determinate informazioni personalizzate (Informazioni utente). Le politiche di raccolta e utilizzo delle informazioni di iSend.live in relazione alla privacy di tali Informazioni dell&#039;utente sono stabilite nell&#039;Informativa sulla privacy dei siti.<br \/>Sei l&#039;unico responsabile dell&#039;accuratezza e del contenuto delle tue informazioni.<\/p><p>7. Collegamento ai siti<br \/>l&#039;utente accetta che se si include un collegamento da qualsiasi altro sito Web ai siti, tale collegamento deve essere collegato alla versione completa di una pagina in formato HTML dei siti.<br \/>Non \u00e8 consentito il collegamento diretto a qualsiasi immagine ospitata sui Siti o sui nostri servizi, ad esempio l&#039;utilizzo di un metodo di connessione \u201conline\u201d per provocare la visualizzazione dell&#039;immagine da noi ospitata su un altro sito web.<br \/>Accetti di non scaricare o utilizzare le immagini ospitate sui Siti su un altro sito Web, per qualsiasi scopo, inclusa, a titolo esemplificativo, la pubblicazione di tali immagini su un altro sito Web.<br \/>L&#039;utente accetta di non collegare da qualsiasi altro sito Web ai Siti in alcun modo che i Siti, o qualsiasi pagina dei Siti, siano &quot;incorniciati&quot;, circondati o oscurati da qualsiasi contenuto, materiale o marchio di terze parti.<br \/>Ci riserviamo il diritto di insistere affinch\u00e9 qualsiasi collegamento ai Siti venga interrotto e di revocare il diritto di collegarsi ai Siti da qualsiasi altro sito Web in qualsiasi momento previa comunicazione scritta all&#039;utente.<\/p><p>8. Siti di terze parti.<br \/>Potresti essere in grado di passare da un sito all&#039;altro e a siti Web di terze parti (siti collegati).<br \/>Riconosci e accetti che non abbiamo alcuna responsabilit\u00e0 per informazioni, contenuti, prodotti, servizi, pubblicit\u00e0, codice o altri materiali che possono o meno essere forniti da o tramite Siti collegati, anche se sono di propriet\u00e0 o gestiti dai nostri affiliati.<br \/>L&#039;inclusione di qualsiasi collegamento a tali siti Web sui nostri Siti non implica l&#039;approvazione, la sponsorizzazione o la raccomandazione di iSend.live di tale sito Web.<br \/>iSend.live declina ogni responsabilit\u00e0 per i collegamenti ad un altro sito web.<\/p><p>9. Dichiarazione di non responsabilit\u00e0<br \/>La legge sulle pratiche commerciali e la legislazione simile in materia di stato e territorio in Italia possono attribuire all&#039;utente diritti e rimedi in relazione alla fornitura di beni o servizi sui siti che non possono essere esclusi, limitati o modificati da iSend.live (diritti non escludibile).<br \/>iSend.livenon esclude qualsiasi diritto non escludibile ma esclude tutte le altre condizioni e garanzie implicite da consuetudini, leggi o statuti.<br \/>Salvo quanto previsto dai Diritti non escludibili:<br \/>tutti i contenuti e i servizi sui Siti sono forniti &quot;cos\u00ec come sono&quot; e senza garanzie di alcun tipo, esplicite o implicite;<br \/>iSend.live ei suoi fornitori declinano espressamente tutte le garanzie di qualsiasi tipo, incluse, a titolo esemplificativo, garanzie implicite di commerciabilit\u00e0 e idoneit\u00e0 per uno scopo particolare;<br \/>iSend.live non garantisce che le funzioni contenute in qualsiasi contenuto o il tuo accesso ai Siti saranno ininterrotti o privi di errori, che eventuali difetti saranno corretti o che i Siti o il server che memorizza e trasmette i contenuti a te siano esenti da virus o altri componenti. dannoso; e iSend.live non garantisce n\u00e9 rilascia alcuna dichiarazione in merito all&#039;accesso o ai risultati dell&#039;accesso ai siti (inclusi siti Web correlati o collegati) o qualsiasi contenuto in termini di correttezza, accuratezza, tempestivit\u00e0, completezza, affidabilit\u00e0 o altro.<br \/>In nessun caso (incluso ma non limitato a qualsiasi atto o omissione da parte di iSend.live) iSend.live o le sue affiliate saranno responsabili per eventuali danni indiretti, incidentali, speciali e\/o consequenziali o perdita di profitti di qualsiasi tipo derivanti da qualsiasi utilizzo o accesso o impossibilit\u00e0 di utilizzare o accedere ai Siti o ai contenuti.<br \/>Nella misura massima consentita dalla legge, la responsabilit\u00e0 di iSend.live per la violazione di qualsiasi garanzia implicita o condizione che non pu\u00f2 essere esclusa \u00e8 limitata alla possibilit\u00e0 di iSend.live di quanto segue:<br \/>in caso di servizi forniti o offerti da iSend.live:<br \/>la prestazione di servizi nuovamente; pagamento del costo per la prestazione dei servizi;<br \/>e nel caso di beni forniti o offerti da noi:<br \/>la sostituzione di beni o la fornitura di beni equivalenti; O<br \/>il pagamento delle spese di sostituzione del bene o di acquisto di beni equivalenti.<br \/>Non ci assumiamo alcuna responsabilit\u00e0 per eventuali incompatibilit\u00e0 o problemi causati dal plugin WordPress gratuito fornito con iSend.<br \/>Non \u00e8 possibile richiedere il rimborso dei prodotti digitali acquistati.<br \/>Prima di procedere all&#039;acquisto \u00e8 possibile scaricare le versioni Demo per effettuare test di valutazione.<\/p><p>10. Leggi applicabili<br \/>Controlliamo e gestiamo i Siti dai nostri uffici in Italia in conformit\u00e0 con le leggi italiane. Non dichiariamo che i materiali sui Siti sono appropriati o disponibili per l&#039;uso in altri luoghi. Gli individui che scelgono di accedere ai Siti da altre localit\u00e0 lo fanno di propria iniziativa e sono responsabili del rispetto delle leggi locali, se e nella misura in cui le leggi locali sono applicabili.<\/p><p>11. Regole sullo spam<br \/>E&#039; assolutamente vietato utilizzare iSend a scopo di Spam, chi fa Spam li viola\u00a0<a href=\"https:\/\/faq.whatsapp.com\/general\/security-and-privacy\/staying-safe-on-whatsapp\/\">Regole WhatsApp<\/a>\u00a0questo pu\u00f2 causare la chiusura dell&#039;account.<\/p><p>12. Dati personali<br \/>Accettando i nostri termini e condizioni ci autorizzi a utilizzare i tuoi dati personali per scopi pubblicitari, puoi richiederne la cancellazione in qualsiasi momento.<\/p><p>NOTA: iSend non \u00e8 collegato a WhatsApp (WhatsApp Inc. e\/o WhatsApp Ireland Limited) o ad altre societ\u00e0 delle societ\u00e0 di Facebook. Non esistono particolari rapporti contrattuali tra iSend e le piattaforme di messaggistica relativi alla fornitura di servizi da parte di iSend ai propri clienti. iSend richiede i servizi della piattaforma di messaggistica per fornire i propri servizi ai clienti. Pertanto, le modifiche apportate da queste piattaforme di messaggistica potrebbero influire e persino impedire i servizi iSend. iSend non ha alcuna influenza sulla fornitura di servizi da parte delle piattaforme di messaggistica o sulla loro configurazione tecnica. iSend \u00e8 un software per PC e MAC denominato STAND ALONE, Tutti i dati verranno archiviati esclusivamente sul PC in uso senza essere mai trasmessi o raggiungibili dai nostri server (e\/o terze parti) o altri sistemi online.<\/p>\t\t\t\t\t\t\t\t<\/div>\n\t\t\t\t<\/div>\n\t\t\t\t\t<\/div>\n\t\t<\/div>\n\t\t\t\t\t<\/div>\n\t\t<\/section>\n\t\t\t\t<\/div>","protected":false},"excerpt":{"rendered":"<p>terms conditions iSend.live terms and conditionsThe following terms and conditions (Terms and Conditions) govern your use of this website and any content made available from or through the following iSend.live websites (Sites), including but not limited to: Site name: isend.live The Sites are owned and operated by iSend.live. (iSend.live or us or us). Use and [&hellip;]<\/p>\n","protected":false},"author":1,"featured_media":0,"parent":0,"menu_order":0,"comment_status":"closed","ping_status":"closed","template":"","meta":{"site-sidebar-layout":"no-sidebar","site-content-layout":"page-builder","ast-site-content-layout":"default","site-content-style":"default","site-sidebar-style":"default","ast-global-header-display":"","ast-banner-title-visibility":"","ast-main-header-display":"","ast-hfb-above-header-display":"","ast-hfb-below-header-display":"","ast-hfb-mobile-header-display":"","site-post-title":"disabled","ast-breadcrumbs-content":"","ast-featured-img":"disabled","footer-sml-layout":"","ast-disable-related-posts":"","theme-transparent-header-meta":"enabled","adv-header-id-meta":"","stick-header-meta":"","header-above-stick-meta":"","header-main-stick-meta":"","header-below-stick-meta":"","astra-migrate-meta-layouts":"default","ast-page-background-enabled":"default","ast-page-background-meta":{"desktop":{"background-color":"var(--ast-global-color-4)","background-image":"","background-repeat":"repeat","background-position":"center center","background-size":"auto","background-attachment":"scroll","background-type":"","background-media":"","overlay-type":"","overlay-color":"","overlay-opacity":"","overlay-gradient":""},"tablet":{"background-color":"","background-image":"","background-repeat":"repeat","background-position":"center center","background-size":"auto","background-attachment":"scroll","background-type":"","background-media":"","overlay-type":"","overlay-color":"","overlay-opacity":"","overlay-gradient":""},"mobile":{"background-color":"","background-image":"","background-repeat":"repeat","background-position":"center center","background-size":"auto","background-attachment":"scroll","background-type":"","background-media":"","overlay-type":"","overlay-color":"","overlay-opacity":"","overlay-gradient":""}},"ast-content-background-meta":{"desktop":{"background-color":"var(--ast-global-color-5)","background-image":"","background-repeat":"repeat","background-position":"center center","background-size":"auto","background-attachment":"scroll","background-type":"","background-media":"","overlay-type":"","overlay-color":"","overlay-opacity":"","overlay-gradient":""},"tablet":{"background-color":"var(--ast-global-color-5)","background-image":"","background-repeat":"repeat","background-position":"center center","background-size":"auto","background-attachment":"scroll","background-type":"","background-media":"","overlay-type":"","overlay-color":"","overlay-opacity":"","overlay-gradient":""},"mobile":{"background-color":"var(--ast-global-color-5)","background-image":"","background-repeat":"repeat","background-position":"center center","background-size":"auto","background-attachment":"scroll","background-type":"","background-media":"","overlay-type":"","overlay-color":"","overlay-opacity":"","overlay-gradient":""}},"footnotes":""},"class_list":["post-2153","page","type-page","status-publish","hentry"],"yoast_head":"<!-- This site is optimized with the Yoast SEO plugin v27.3 - https:\/\/yoast.com\/product\/yoast-seo-wordpress\/ -->\n<title>Terms Conditions - iSend - WhatsApp - SMS Marketing<\/title>\n<meta name=\"robots\" content=\"index, follow, max-snippet:-1, max-image-preview:large, max-video-preview:-1\" \/>\n<link rel=\"canonical\" href=\"https:\/\/isend.live\/it\/terms-conditions\/\" \/>\n<meta property=\"og:locale\" content=\"it_IT\" \/>\n<meta property=\"og:type\" content=\"article\" \/>\n<meta property=\"og:title\" content=\"Terms Conditions - iSend - WhatsApp - SMS Marketing\" \/>\n<meta property=\"og:description\" content=\"terms conditions iSend.live terms and conditionsThe following terms and conditions (Terms and Conditions) govern your use of this website and any content made available from or through the following iSend.live websites (Sites), including but not limited to: Site name: isend.live The Sites are owned and operated by iSend.live. (iSend.live or us or us). Use and [&hellip;]\" \/>\n<meta property=\"og:url\" content=\"https:\/\/isend.live\/it\/terms-conditions\/\" \/>\n<meta property=\"og:site_name\" content=\"iSend - WhatsApp - SMS Marketing\" \/>\n<meta property=\"article:modified_time\" content=\"2023-01-25T15:53:08+00:00\" \/>\n<meta name=\"twitter:card\" content=\"summary_large_image\" \/>\n<meta name=\"twitter:label1\" content=\"Tempo di lettura stimato\" \/>\n\t<meta name=\"twitter:data1\" content=\"8 minuti\" \/>\n<script type=\"application\/ld+json\" class=\"yoast-schema-graph\">{\"@context\":\"https:\\\/\\\/schema.org\",\"@graph\":[{\"@type\":\"WebPage\",\"@id\":\"https:\\\/\\\/isend.live\\\/en\\\/terms-conditions\\\/\",\"url\":\"https:\\\/\\\/isend.live\\\/en\\\/terms-conditions\\\/\",\"name\":\"Terms Conditions - iSend - WhatsApp - SMS Marketing\",\"isPartOf\":{\"@id\":\"https:\\\/\\\/isend.live\\\/en\\\/#website\"},\"datePublished\":\"2023-01-22T19:01:17+00:00\",\"dateModified\":\"2023-01-25T15:53:08+00:00\",\"breadcrumb\":{\"@id\":\"https:\\\/\\\/isend.live\\\/en\\\/terms-conditions\\\/#breadcrumb\"},\"inLanguage\":\"it-IT\",\"potentialAction\":[{\"@type\":\"ReadAction\",\"target\":[\"https:\\\/\\\/isend.live\\\/en\\\/terms-conditions\\\/\"]}]},{\"@type\":\"BreadcrumbList\",\"@id\":\"https:\\\/\\\/isend.live\\\/en\\\/terms-conditions\\\/#breadcrumb\",\"itemListElement\":[{\"@type\":\"ListItem\",\"position\":1,\"name\":\"Home\",\"item\":\"https:\\\/\\\/isend.live\\\/en\\\/\"},{\"@type\":\"ListItem\",\"position\":2,\"name\":\"Terms Conditions\"}]},{\"@type\":\"WebSite\",\"@id\":\"https:\\\/\\\/isend.live\\\/en\\\/#website\",\"url\":\"https:\\\/\\\/isend.live\\\/en\\\/\",\"name\":\"iSend - WhatsApp - SMS Marketing\",\"description\":\"Send massive messages to your customers.\",\"publisher\":{\"@id\":\"https:\\\/\\\/isend.live\\\/en\\\/#organization\"},\"potentialAction\":[{\"@type\":\"SearchAction\",\"target\":{\"@type\":\"EntryPoint\",\"urlTemplate\":\"https:\\\/\\\/isend.live\\\/en\\\/?s={search_term_string}\"},\"query-input\":{\"@type\":\"PropertyValueSpecification\",\"valueRequired\":true,\"valueName\":\"search_term_string\"}}],\"inLanguage\":\"it-IT\"},{\"@type\":\"Organization\",\"@id\":\"https:\\\/\\\/isend.live\\\/en\\\/#organization\",\"name\":\"iSend - WhatsApp - SMS Marketing\",\"url\":\"https:\\\/\\\/isend.live\\\/en\\\/\",\"logo\":{\"@type\":\"ImageObject\",\"inLanguage\":\"it-IT\",\"@id\":\"https:\\\/\\\/isend.live\\\/en\\\/#\\\/schema\\\/logo\\\/image\\\/\",\"url\":\"https:\\\/\\\/isend.live\\\/wp-content\\\/uploads\\\/2023\\\/01\\\/iSend-logo-160-green-1.png\",\"contentUrl\":\"https:\\\/\\\/isend.live\\\/wp-content\\\/uploads\\\/2023\\\/01\\\/iSend-logo-160-green-1.png\",\"width\":180,\"height\":58,\"caption\":\"iSend - WhatsApp - SMS Marketing\"},\"image\":{\"@id\":\"https:\\\/\\\/isend.live\\\/en\\\/#\\\/schema\\\/logo\\\/image\\\/\"}}]}<\/script>\n<!-- \/ Yoast SEO plugin. -->","yoast_head_json":{"title":"Terms Conditions - iSend - WhatsApp - SMS Marketing","robots":{"index":"index","follow":"follow","max-snippet":"max-snippet:-1","max-image-preview":"max-image-preview:large","max-video-preview":"max-video-preview:-1"},"canonical":"https:\/\/isend.live\/it\/terms-conditions\/","og_locale":"it_IT","og_type":"article","og_title":"Terms Conditions - iSend - WhatsApp - SMS Marketing","og_description":"terms conditions iSend.live terms and conditionsThe following terms and conditions (Terms and Conditions) govern your use of this website and any content made available from or through the following iSend.live websites (Sites), including but not limited to: Site name: isend.live The Sites are owned and operated by iSend.live. (iSend.live or us or us). Use and [&hellip;]","og_url":"https:\/\/isend.live\/it\/terms-conditions\/","og_site_name":"iSend - WhatsApp - SMS Marketing","article_modified_time":"2023-01-25T15:53:08+00:00","twitter_card":"summary_large_image","twitter_misc":{"Tempo di lettura stimato":"8 minuti"},"schema":{"@context":"https:\/\/schema.org","@graph":[{"@type":"WebPage","@id":"https:\/\/isend.live\/en\/terms-conditions\/","url":"https:\/\/isend.live\/en\/terms-conditions\/","name":"Terms Conditions - iSend - WhatsApp - SMS Marketing","isPartOf":{"@id":"https:\/\/isend.live\/en\/#website"},"datePublished":"2023-01-22T19:01:17+00:00","dateModified":"2023-01-25T15:53:08+00:00","breadcrumb":{"@id":"https:\/\/isend.live\/en\/terms-conditions\/#breadcrumb"},"inLanguage":"it-IT","potentialAction":[{"@type":"ReadAction","target":["https:\/\/isend.live\/en\/terms-conditions\/"]}]},{"@type":"BreadcrumbList","@id":"https:\/\/isend.live\/en\/terms-conditions\/#breadcrumb","itemListElement":[{"@type":"ListItem","position":1,"name":"Home","item":"https:\/\/isend.live\/en\/"},{"@type":"ListItem","position":2,"name":"Terms Conditions"}]},{"@type":"WebSite","@id":"https:\/\/isend.live\/en\/#website","url":"https:\/\/isend.live\/en\/","name":"iSend - WhatsApp - Marketing via SMS","description":"Invia messaggi di massa ai tuoi clienti.","publisher":{"@id":"https:\/\/isend.live\/en\/#organization"},"potentialAction":[{"@type":"SearchAction","target":{"@type":"EntryPoint","urlTemplate":"https:\/\/isend.live\/en\/?s={search_term_string}"},"query-input":{"@type":"PropertyValueSpecification","valueRequired":true,"valueName":"search_term_string"}}],"inLanguage":"it-IT"},{"@type":"Organization","@id":"https:\/\/isend.live\/en\/#organization","name":"iSend - WhatsApp - Marketing via SMS","url":"https:\/\/isend.live\/en\/","logo":{"@type":"ImageObject","inLanguage":"it-IT","@id":"https:\/\/isend.live\/en\/#\/schema\/logo\/image\/","url":"https:\/\/isend.live\/wp-content\/uploads\/2023\/01\/iSend-logo-160-green-1.png","contentUrl":"https:\/\/isend.live\/wp-content\/uploads\/2023\/01\/iSend-logo-160-green-1.png","width":180,"height":58,"caption":"iSend - WhatsApp - SMS Marketing"},"image":{"@id":"https:\/\/isend.live\/en\/#\/schema\/logo\/image\/"}}]}},"_links":{"self":[{"href":"https:\/\/isend.live\/it\/wp-json\/wp\/v2\/pages\/2153","targetHints":{"allow":["GET"]}}],"collection":[{"href":"https:\/\/isend.live\/it\/wp-json\/wp\/v2\/pages"}],"about":[{"href":"https:\/\/isend.live\/it\/wp-json\/wp\/v2\/types\/page"}],"author":[{"embeddable":true,"href":"https:\/\/isend.live\/it\/wp-json\/wp\/v2\/users\/1"}],"replies":[{"embeddable":true,"href":"https:\/\/isend.live\/it\/wp-json\/wp\/v2\/comments?post=2153"}],"version-history":[{"count":16,"href":"https:\/\/isend.live\/it\/wp-json\/wp\/v2\/pages\/2153\/revisions"}],"predecessor-version":[{"id":2435,"href":"https:\/\/isend.live\/it\/wp-json\/wp\/v2\/pages\/2153\/revisions\/2435"}],"wp:attachment":[{"href":"https:\/\/isend.live\/it\/wp-json\/wp\/v2\/media?parent=2153"}],"curies":[{"name":"wp","href":"https:\/\/api.w.org\/{rel}","templated":true}]}}