{"id":3106,"date":"2023-04-08T15:48:49","date_gmt":"2023-04-08T15:48:49","guid":{"rendered":"https:\/\/isend.live\/?page_id=3106"},"modified":"2023-04-10T09:51:40","modified_gmt":"2023-04-10T09:51:40","slug":"tools","status":"publish","type":"page","link":"https:\/\/isend.live\/fr\/tools\/","title":{"rendered":"Outils"},"content":{"rendered":"<p>Ce fil explique certaines des parties cl\u00e9s de la\u00a0<strong>Outils<\/strong>\u00a0page.<\/p>\n<h3 id=\"api-keys\">Cl\u00e9s API<\/h3>\n<p>Les utilisateurs peuvent cr\u00e9er des cl\u00e9s API pour leurs projets dans cet onglet. Chaque cl\u00e9 API peut contenir un ensemble diff\u00e9rent d&#039;autorisations.<\/p>\n<p><img fetchpriority=\"high\" decoding=\"async\" class=\"alignnone size-full wp-image-3107\" src=\"https:\/\/isend.live\/wp-content\/uploads\/2023\/04\/1tempsnip-1.png\" alt=\"\" width=\"1901\" height=\"823\" srcset=\"https:\/\/isend.live\/wp-content\/uploads\/2023\/04\/1tempsnip-1.png 1901w, https:\/\/isend.live\/wp-content\/uploads\/2023\/04\/1tempsnip-1-300x130.png 300w, https:\/\/isend.live\/wp-content\/uploads\/2023\/04\/1tempsnip-1-1024x443.png 1024w, https:\/\/isend.live\/wp-content\/uploads\/2023\/04\/1tempsnip-1-768x332.png 768w, https:\/\/isend.live\/wp-content\/uploads\/2023\/04\/1tempsnip-1-1536x665.png 1536w, https:\/\/isend.live\/wp-content\/uploads\/2023\/04\/1tempsnip-1-18x8.png 18w, https:\/\/isend.live\/wp-content\/uploads\/2023\/04\/1tempsnip-1-600x260.png 600w\" sizes=\"(max-width: 1901px) 100vw, 1901px\" \/><\/p>\n<h3 id=\"webhooks\">Webhooks<\/h3>\n<p>Certains projets peuvent n\u00e9cessiter une notification en direct lorsqu&#039;un \u00e9v\u00e9nement arrive. C&#039;est l\u00e0 que les webhooks jouent un r\u00f4le. Les utilisateurs peuvent cr\u00e9er des webhooks dans cet onglet.<\/p>\n<p><img decoding=\"async\" class=\"alignnone size-full wp-image-3108\" src=\"https:\/\/isend.live\/wp-content\/uploads\/2023\/04\/2tempsnip-1.png\" alt=\"\" width=\"1917\" height=\"844\" srcset=\"https:\/\/isend.live\/wp-content\/uploads\/2023\/04\/2tempsnip-1.png 1917w, https:\/\/isend.live\/wp-content\/uploads\/2023\/04\/2tempsnip-1-300x132.png 300w, https:\/\/isend.live\/wp-content\/uploads\/2023\/04\/2tempsnip-1-1024x451.png 1024w, https:\/\/isend.live\/wp-content\/uploads\/2023\/04\/2tempsnip-1-768x338.png 768w, https:\/\/isend.live\/wp-content\/uploads\/2023\/04\/2tempsnip-1-1536x676.png 1536w, https:\/\/isend.live\/wp-content\/uploads\/2023\/04\/2tempsnip-1-18x8.png 18w, https:\/\/isend.live\/wp-content\/uploads\/2023\/04\/2tempsnip-1-600x264.png 600w\" sizes=\"(max-width: 1917px) 100vw, 1917px\" \/><\/p>\n<h3 id=\"actions\">Actions<\/h3>\n<p>Dans cet onglet, des actions telles que les hooks et les r\u00e9ponses automatiques peuvent \u00eatre effectu\u00e9es. Cela prend en charge les services SMS et WhatsApp.<\/p>\n<p><img decoding=\"async\" class=\"alignnone size-full wp-image-3109\" src=\"https:\/\/isend.live\/wp-content\/uploads\/2023\/04\/3Cattura-2.png\" alt=\"\" width=\"1920\" height=\"830\" srcset=\"https:\/\/isend.live\/wp-content\/uploads\/2023\/04\/3Cattura-2.png 1920w, https:\/\/isend.live\/wp-content\/uploads\/2023\/04\/3Cattura-2-300x130.png 300w, https:\/\/isend.live\/wp-content\/uploads\/2023\/04\/3Cattura-2-1024x443.png 1024w, https:\/\/isend.live\/wp-content\/uploads\/2023\/04\/3Cattura-2-768x332.png 768w, https:\/\/isend.live\/wp-content\/uploads\/2023\/04\/3Cattura-2-1536x664.png 1536w, https:\/\/isend.live\/wp-content\/uploads\/2023\/04\/3Cattura-2-18x8.png 18w, https:\/\/isend.live\/wp-content\/uploads\/2023\/04\/3Cattura-2-600x259.png 600w\" sizes=\"(max-width: 1920px) 100vw, 1920px\" \/><\/p>\n<p>&nbsp;<\/p>\n<p>&nbsp;<\/p>\n<p>&nbsp;<\/p>","protected":false},"excerpt":{"rendered":"<p>This thread explains some of the key parts of the\u00a0Tools\u00a0page. API Keys Users can create API keys for their projects in this tab. Each api key can contain a different set of permissions. Webhooks Some projects might need a live notification when an event arrives. This is where webhooks play a role. Users can create [&hellip;]<\/p>\n","protected":false},"author":1,"featured_media":3107,"parent":0,"menu_order":0,"comment_status":"closed","ping_status":"closed","template":"","meta":{"site-sidebar-layout":"default","site-content-layout":"default","ast-site-content-layout":"default","site-content-style":"default","site-sidebar-style":"default","ast-global-header-display":"","ast-banner-title-visibility":"","ast-main-header-display":"","ast-hfb-above-header-display":"","ast-hfb-below-header-display":"","ast-hfb-mobile-header-display":"","site-post-title":"","ast-breadcrumbs-content":"","ast-featured-img":"","footer-sml-layout":"","ast-disable-related-posts":"","theme-transparent-header-meta":"default","adv-header-id-meta":"","stick-header-meta":"","header-above-stick-meta":"","header-main-stick-meta":"","header-below-stick-meta":"","astra-migrate-meta-layouts":"default","ast-page-background-enabled":"default","ast-page-background-meta":{"desktop":{"background-color":"var(--ast-global-color-4)","background-image":"","background-repeat":"repeat","background-position":"center center","background-size":"auto","background-attachment":"scroll","background-type":"","background-media":"","overlay-type":"","overlay-color":"","overlay-opacity":"","overlay-gradient":""},"tablet":{"background-color":"","background-image":"","background-repeat":"repeat","background-position":"center center","background-size":"auto","background-attachment":"scroll","background-type":"","background-media":"","overlay-type":"","overlay-color":"","overlay-opacity":"","overlay-gradient":""},"mobile":{"background-color":"","background-image":"","background-repeat":"repeat","background-position":"center center","background-size":"auto","background-attachment":"scroll","background-type":"","background-media":"","overlay-type":"","overlay-color":"","overlay-opacity":"","overlay-gradient":""}},"ast-content-background-meta":{"desktop":{"background-color":"var(--ast-global-color-5)","background-image":"","background-repeat":"repeat","background-position":"center center","background-size":"auto","background-attachment":"scroll","background-type":"","background-media":"","overlay-type":"","overlay-color":"","overlay-opacity":"","overlay-gradient":""},"tablet":{"background-color":"var(--ast-global-color-5)","background-image":"","background-repeat":"repeat","background-position":"center center","background-size":"auto","background-attachment":"scroll","background-type":"","background-media":"","overlay-type":"","overlay-color":"","overlay-opacity":"","overlay-gradient":""},"mobile":{"background-color":"var(--ast-global-color-5)","background-image":"","background-repeat":"repeat","background-position":"center center","background-size":"auto","background-attachment":"scroll","background-type":"","background-media":"","overlay-type":"","overlay-color":"","overlay-opacity":"","overlay-gradient":""}},"footnotes":""},"class_list":["post-3106","page","type-page","status-publish","has-post-thumbnail","hentry"],"yoast_head":"<!-- This site is optimized with the Yoast SEO plugin v27.3 - https:\/\/yoast.com\/product\/yoast-seo-wordpress\/ -->\n<title>Tools - iSend - WhatsApp - SMS Marketing<\/title>\n<meta name=\"description\" content=\"This thread explains some of the key parts of the\u00a0Tools\u00a0page. API KeysUsers can create API keys for their projects in this tab\" \/>\n<meta name=\"robots\" content=\"index, follow, max-snippet:-1, max-image-preview:large, max-video-preview:-1\" \/>\n<link rel=\"canonical\" href=\"https:\/\/isend.live\/fr\/tools\/\" \/>\n<meta property=\"og:locale\" content=\"fr_FR\" \/>\n<meta property=\"og:type\" content=\"article\" \/>\n<meta property=\"og:title\" content=\"Tools - iSend - WhatsApp - SMS Marketing\" \/>\n<meta property=\"og:description\" content=\"This thread explains some of the key parts of the\u00a0Tools\u00a0page. API KeysUsers can create API keys for their projects in this tab\" \/>\n<meta property=\"og:url\" content=\"https:\/\/isend.live\/fr\/tools\/\" \/>\n<meta property=\"og:site_name\" content=\"iSend - WhatsApp - SMS Marketing\" \/>\n<meta property=\"article:modified_time\" content=\"2023-04-10T09:51:40+00:00\" \/>\n<meta property=\"og:image\" content=\"https:\/\/isend.live\/wp-content\/uploads\/2023\/04\/1tempsnip-1.png\" \/>\n\t<meta property=\"og:image:width\" content=\"1901\" \/>\n\t<meta property=\"og:image:height\" content=\"823\" \/>\n\t<meta property=\"og:image:type\" content=\"image\/png\" \/>\n<meta name=\"twitter:card\" content=\"summary_large_image\" \/>\n<meta name=\"twitter:label1\" content=\"Est. reading time\" \/>\n\t<meta name=\"twitter:data1\" content=\"1 minute\" \/>\n<script type=\"application\/ld+json\" class=\"yoast-schema-graph\">{\"@context\":\"https:\\\/\\\/schema.org\",\"@graph\":[{\"@type\":\"WebPage\",\"@id\":\"https:\\\/\\\/isend.live\\\/en\\\/tools\\\/\",\"url\":\"https:\\\/\\\/isend.live\\\/en\\\/tools\\\/\",\"name\":\"Tools - iSend - WhatsApp - SMS Marketing\",\"isPartOf\":{\"@id\":\"https:\\\/\\\/isend.live\\\/en\\\/#website\"},\"primaryImageOfPage\":{\"@id\":\"https:\\\/\\\/isend.live\\\/en\\\/tools\\\/#primaryimage\"},\"image\":{\"@id\":\"https:\\\/\\\/isend.live\\\/en\\\/tools\\\/#primaryimage\"},\"thumbnailUrl\":\"https:\\\/\\\/isend.live\\\/wp-content\\\/uploads\\\/2023\\\/04\\\/1tempsnip-1.png\",\"datePublished\":\"2023-04-08T15:48:49+00:00\",\"dateModified\":\"2023-04-10T09:51:40+00:00\",\"description\":\"This thread explains some of the key parts of the\u00a0Tools\u00a0page. API KeysUsers can create API keys for their projects in this tab\",\"breadcrumb\":{\"@id\":\"https:\\\/\\\/isend.live\\\/en\\\/tools\\\/#breadcrumb\"},\"inLanguage\":\"fr-FR\",\"potentialAction\":[{\"@type\":\"ReadAction\",\"target\":[\"https:\\\/\\\/isend.live\\\/en\\\/tools\\\/\"]}]},{\"@type\":\"ImageObject\",\"inLanguage\":\"fr-FR\",\"@id\":\"https:\\\/\\\/isend.live\\\/en\\\/tools\\\/#primaryimage\",\"url\":\"https:\\\/\\\/isend.live\\\/wp-content\\\/uploads\\\/2023\\\/04\\\/1tempsnip-1.png\",\"contentUrl\":\"https:\\\/\\\/isend.live\\\/wp-content\\\/uploads\\\/2023\\\/04\\\/1tempsnip-1.png\",\"width\":1901,\"height\":823},{\"@type\":\"BreadcrumbList\",\"@id\":\"https:\\\/\\\/isend.live\\\/en\\\/tools\\\/#breadcrumb\",\"itemListElement\":[{\"@type\":\"ListItem\",\"position\":1,\"name\":\"Home\",\"item\":\"https:\\\/\\\/isend.live\\\/en\\\/\"},{\"@type\":\"ListItem\",\"position\":2,\"name\":\"Tools\"}]},{\"@type\":\"WebSite\",\"@id\":\"https:\\\/\\\/isend.live\\\/en\\\/#website\",\"url\":\"https:\\\/\\\/isend.live\\\/en\\\/\",\"name\":\"iSend - WhatsApp - SMS Marketing\",\"description\":\"Send massive messages to your customers.\",\"publisher\":{\"@id\":\"https:\\\/\\\/isend.live\\\/en\\\/#organization\"},\"potentialAction\":[{\"@type\":\"SearchAction\",\"target\":{\"@type\":\"EntryPoint\",\"urlTemplate\":\"https:\\\/\\\/isend.live\\\/en\\\/?s={search_term_string}\"},\"query-input\":{\"@type\":\"PropertyValueSpecification\",\"valueRequired\":true,\"valueName\":\"search_term_string\"}}],\"inLanguage\":\"fr-FR\"},{\"@type\":\"Organization\",\"@id\":\"https:\\\/\\\/isend.live\\\/en\\\/#organization\",\"name\":\"iSend - WhatsApp - SMS Marketing\",\"url\":\"https:\\\/\\\/isend.live\\\/en\\\/\",\"logo\":{\"@type\":\"ImageObject\",\"inLanguage\":\"fr-FR\",\"@id\":\"https:\\\/\\\/isend.live\\\/en\\\/#\\\/schema\\\/logo\\\/image\\\/\",\"url\":\"https:\\\/\\\/isend.live\\\/wp-content\\\/uploads\\\/2023\\\/01\\\/iSend-logo-160-green-1.png\",\"contentUrl\":\"https:\\\/\\\/isend.live\\\/wp-content\\\/uploads\\\/2023\\\/01\\\/iSend-logo-160-green-1.png\",\"width\":180,\"height\":58,\"caption\":\"iSend - WhatsApp - SMS Marketing\"},\"image\":{\"@id\":\"https:\\\/\\\/isend.live\\\/en\\\/#\\\/schema\\\/logo\\\/image\\\/\"}}]}<\/script>\n<!-- \/ Yoast SEO plugin. -->","yoast_head_json":{"title":"Tools - iSend - WhatsApp - SMS Marketing","description":"This thread explains some of the key parts of the\u00a0Tools\u00a0page. API KeysUsers can create API keys for their projects in this tab","robots":{"index":"index","follow":"follow","max-snippet":"max-snippet:-1","max-image-preview":"max-image-preview:large","max-video-preview":"max-video-preview:-1"},"canonical":"https:\/\/isend.live\/fr\/tools\/","og_locale":"fr_FR","og_type":"article","og_title":"Tools - iSend - WhatsApp - SMS Marketing","og_description":"This thread explains some of the key parts of the\u00a0Tools\u00a0page. API KeysUsers can create API keys for their projects in this tab","og_url":"https:\/\/isend.live\/fr\/tools\/","og_site_name":"iSend - WhatsApp - SMS Marketing","article_modified_time":"2023-04-10T09:51:40+00:00","og_image":[{"width":1901,"height":823,"url":"https:\/\/isend.live\/wp-content\/uploads\/2023\/04\/1tempsnip-1.png","type":"image\/png"}],"twitter_card":"summary_large_image","twitter_misc":{"Est. reading time":"1 minute"},"schema":{"@context":"https:\/\/schema.org","@graph":[{"@type":"WebPage","@id":"https:\/\/isend.live\/en\/tools\/","url":"https:\/\/isend.live\/en\/tools\/","name":"Tools - iSend - WhatsApp - SMS Marketing","isPartOf":{"@id":"https:\/\/isend.live\/en\/#website"},"primaryImageOfPage":{"@id":"https:\/\/isend.live\/en\/tools\/#primaryimage"},"image":{"@id":"https:\/\/isend.live\/en\/tools\/#primaryimage"},"thumbnailUrl":"https:\/\/isend.live\/wp-content\/uploads\/2023\/04\/1tempsnip-1.png","datePublished":"2023-04-08T15:48:49+00:00","dateModified":"2023-04-10T09:51:40+00:00","description":"This thread explains some of the key parts of the\u00a0Tools\u00a0page. API KeysUsers can create API keys for their projects in this tab","breadcrumb":{"@id":"https:\/\/isend.live\/en\/tools\/#breadcrumb"},"inLanguage":"fr-FR","potentialAction":[{"@type":"ReadAction","target":["https:\/\/isend.live\/en\/tools\/"]}]},{"@type":"ImageObject","inLanguage":"fr-FR","@id":"https:\/\/isend.live\/en\/tools\/#primaryimage","url":"https:\/\/isend.live\/wp-content\/uploads\/2023\/04\/1tempsnip-1.png","contentUrl":"https:\/\/isend.live\/wp-content\/uploads\/2023\/04\/1tempsnip-1.png","width":1901,"height":823},{"@type":"BreadcrumbList","@id":"https:\/\/isend.live\/en\/tools\/#breadcrumb","itemListElement":[{"@type":"ListItem","position":1,"name":"Home","item":"https:\/\/isend.live\/en\/"},{"@type":"ListItem","position":2,"name":"Tools"}]},{"@type":"WebSite","@id":"https:\/\/isend.live\/en\/#website","url":"https:\/\/isend.live\/en\/","name":"iSend - WhatsApp - Marketing par SMS","description":"Envoyez des messages massifs \u00e0 vos clients.","publisher":{"@id":"https:\/\/isend.live\/en\/#organization"},"potentialAction":[{"@type":"SearchAction","target":{"@type":"EntryPoint","urlTemplate":"https:\/\/isend.live\/en\/?s={search_term_string}"},"query-input":{"@type":"PropertyValueSpecification","valueRequired":true,"valueName":"search_term_string"}}],"inLanguage":"fr-FR"},{"@type":"Organization","@id":"https:\/\/isend.live\/en\/#organization","name":"iSend - WhatsApp - Marketing par SMS","url":"https:\/\/isend.live\/en\/","logo":{"@type":"ImageObject","inLanguage":"fr-FR","@id":"https:\/\/isend.live\/en\/#\/schema\/logo\/image\/","url":"https:\/\/isend.live\/wp-content\/uploads\/2023\/01\/iSend-logo-160-green-1.png","contentUrl":"https:\/\/isend.live\/wp-content\/uploads\/2023\/01\/iSend-logo-160-green-1.png","width":180,"height":58,"caption":"iSend - WhatsApp - SMS Marketing"},"image":{"@id":"https:\/\/isend.live\/en\/#\/schema\/logo\/image\/"}}]}},"_links":{"self":[{"href":"https:\/\/isend.live\/fr\/wp-json\/wp\/v2\/pages\/3106","targetHints":{"allow":["GET"]}}],"collection":[{"href":"https:\/\/isend.live\/fr\/wp-json\/wp\/v2\/pages"}],"about":[{"href":"https:\/\/isend.live\/fr\/wp-json\/wp\/v2\/types\/page"}],"author":[{"embeddable":true,"href":"https:\/\/isend.live\/fr\/wp-json\/wp\/v2\/users\/1"}],"replies":[{"embeddable":true,"href":"https:\/\/isend.live\/fr\/wp-json\/wp\/v2\/comments?post=3106"}],"version-history":[{"count":3,"href":"https:\/\/isend.live\/fr\/wp-json\/wp\/v2\/pages\/3106\/revisions"}],"predecessor-version":[{"id":3124,"href":"https:\/\/isend.live\/fr\/wp-json\/wp\/v2\/pages\/3106\/revisions\/3124"}],"wp:featuredmedia":[{"embeddable":true,"href":"https:\/\/isend.live\/fr\/wp-json\/wp\/v2\/media\/3107"}],"wp:attachment":[{"href":"https:\/\/isend.live\/fr\/wp-json\/wp\/v2\/media?parent=3106"}],"curies":[{"name":"wp","href":"https:\/\/api.w.org\/{rel}","templated":true}]}}