{"id":2153,"date":"2023-01-22T19:01:17","date_gmt":"2023-01-22T19:01:17","guid":{"rendered":"https:\/\/isend.live\/?page_id=2153"},"modified":"2023-01-25T15:53:08","modified_gmt":"2023-01-25T15:53:08","slug":"terms-conditions","status":"publish","type":"page","link":"https:\/\/isend.live\/fr\/terms-conditions\/","title":{"rendered":"Termes et conditions"},"content":{"rendered":"<div data-elementor-type=\"wp-page\" data-elementor-id=\"2153\" class=\"elementor elementor-2153\" data-elementor-post-type=\"page\">\n\t\t\t\t\t\t<section class=\"elementor-section elementor-top-section elementor-element elementor-element-7ee00cf1 elementor-section-height-min-height elementor-section-boxed elementor-section-height-default elementor-section-items-middle\" data-id=\"7ee00cf1\" data-element_type=\"section\" data-e-type=\"section\" data-settings=\"{&quot;background_background&quot;:&quot;classic&quot;}\">\n\t\t\t\t\t\t\t<div class=\"elementor-background-overlay\"><\/div>\n\t\t\t\t\t\t\t<div class=\"elementor-container elementor-column-gap-default\">\n\t\t\t\t\t<div class=\"elementor-column elementor-col-100 elementor-top-column elementor-element elementor-element-19c0d5d9\" data-id=\"19c0d5d9\" data-element_type=\"column\" data-e-type=\"column\">\n\t\t\t<div class=\"elementor-widget-wrap elementor-element-populated\">\n\t\t\t\t\t\t<div class=\"elementor-element elementor-element-622bba7 elementor-widget elementor-widget-heading\" data-id=\"622bba7\" data-element_type=\"widget\" data-e-type=\"widget\" data-widget_type=\"heading.default\">\n\t\t\t\t<div class=\"elementor-widget-container\">\n\t\t\t\t\t<h1 class=\"elementor-heading-title elementor-size-default\">termes et conditions<\/h1>\t\t\t\t<\/div>\n\t\t\t\t<\/div>\n\t\t\t\t\t<\/div>\n\t\t<\/div>\n\t\t\t\t\t<\/div>\n\t\t<\/section>\n\t\t\t\t<section class=\"elementor-section elementor-top-section elementor-element elementor-element-7ba8f16 elementor-section-boxed elementor-section-height-default elementor-section-height-default\" data-id=\"7ba8f16\" data-element_type=\"section\" data-e-type=\"section\">\n\t\t\t\t\t\t<div class=\"elementor-container elementor-column-gap-default\">\n\t\t\t\t\t<div class=\"elementor-column elementor-col-100 elementor-top-column elementor-element elementor-element-5eeebe4\" data-id=\"5eeebe4\" data-element_type=\"column\" data-e-type=\"column\">\n\t\t\t<div class=\"elementor-widget-wrap elementor-element-populated\">\n\t\t\t\t\t\t<div class=\"elementor-element elementor-element-fbd9f0f elementor-widget elementor-widget-text-editor\" data-id=\"fbd9f0f\" data-element_type=\"widget\" data-e-type=\"widget\" data-widget_type=\"text-editor.default\">\n\t\t\t\t<div class=\"elementor-widget-container\">\n\t\t\t\t\t\t\t\t\t<p>Termes et conditions iSend.live<br \/>Les termes et conditions suivants (Termes et Conditions) r\u00e9gissent votre utilisation de ce site Web et de tout contenu mis \u00e0 disposition \u00e0 partir ou via les sites Web iSend.live suivants (Sites), y compris, mais sans s&#039;y limiter\u00a0:<\/p><p>Nom du site : isend.live<\/p><p>Les Sites sont d\u00e9tenus et exploit\u00e9s par iSend.live. (iSend.live ou nous ou nous). L&#039;utilisation et l&#039;acc\u00e8s aux Sites impliquent l&#039;acceptation de ces Termes et Conditions.<\/p><p>1. Inscription<br \/>Vous n&#039;avez pas besoin d&#039;\u00eatre membre des Sites pour acc\u00e9der aux Sites ou utiliser le contenu ou les services. Cependant, l&#039;acc\u00e8s \u00e0 certaines zones des Sites et \u00e0 certains contenus et services peut \u00eatre limit\u00e9 aux seuls membres.<br \/>Une fois que vous devenez membre, vous devrez conclure un accord d&#039;abonnement distinct.<\/p><p>2. Droits de propri\u00e9t\u00e9<br \/>L&#039;utilisation des Sites ne garantit \u00e0 l&#039;utilisateur aucune propri\u00e9t\u00e9 ou int\u00e9r\u00eat dans le contenu, les codes, les donn\u00e9es ou les mat\u00e9riaux accessibles sur ou via les Sites ou les droits de propri\u00e9t\u00e9 intellectuelle qui existent sur le contenu, les codes, les donn\u00e9es ou les mat\u00e9riaux peuvent acc\u00e9der aux ou via les Sites.<br \/>Vous pouvez t\u00e9l\u00e9charger une seule copie de tout contenu contenu sur les Sites, uniquement pour un usage personnel et non commercial, conform\u00e9ment aux pr\u00e9sentes conditions d&#039;utilisation, \u00e0 condition que vous conserviez le droit d&#039;auteur et les autres avis contenus dans ce contenu. Ceci exclut les produits disponibles \u00e0 la vente\/licences sur les Sites.<br \/>L&#039;utilisation des Sites ne garantit \u00e0 l&#039;utilisateur aucun droit de propri\u00e9t\u00e9 ou int\u00e9r\u00eat sur tout contenu, code, donn\u00e9e ou mat\u00e9riel accessible sur ou via les Sites ou tout droit de propri\u00e9t\u00e9 intellectuelle existant sur tout contenu, code, donn\u00e9e ou mat\u00e9riel auquel accessibles ou via les sites.<br \/>Si vous utilisez les Sites ou les Produits de toute autre mani\u00e8re, le contenu, le code, les donn\u00e9es ou les mat\u00e9riaux sur les Sites ou disponibles via les Sites, sauf indication contraire ci-dessus, violeront le droit d&#039;auteur et d&#039;autres lois italiennes d&#039;autres pays et selon les lois applicables. lois de l&#039;\u00c9tat et peuvent \u00eatre tenus responsables d&#039;une telle utilisation non autoris\u00e9e.<\/p><p>3. Agent des droits d&#039;auteur<br \/>Nous respectons les droits de propri\u00e9t\u00e9 intellectuelle des tiers et exigeons que les personnes qui utilisent les Sites, ou les services ou fonctionnalit\u00e9s mis \u00e0 disposition sur ou via les Sites, fassent de m\u00eame.<br \/>Si vous pensez que votre travail a \u00e9t\u00e9 copi\u00e9 d&#039;une mani\u00e8re qui constitue une violation du droit d&#039;auteur, veuillez transmettre les informations suivantes \u00e0 iSend.live\u00a0:<br \/>votre adresse, num\u00e9ro de t\u00e9l\u00e9phone et adresse e-mail ;<br \/>une description de l&#039;emplacement du mat\u00e9riel pr\u00e9sum\u00e9 contrefait\u00a0;<br \/>une description de l&#039;\u0153uvre prot\u00e9g\u00e9e par le droit d&#039;auteur qui aurait \u00e9t\u00e9 enfreinte\u00a0; est<br \/>une d\u00e9claration de votre part indiquant que les informations ci-dessus dans votre notification sont exactes et que vous \u00eates le propri\u00e9taire du droit d&#039;auteur ou autoris\u00e9 \u00e0 agir au nom du propri\u00e9taire du droit d&#039;auteur.<\/p><p>4. Marques<br \/>Marques de commerce Les marques de commerce, logos, marques de service et noms commerciaux (collectivement les marques de commerce) affich\u00e9s sur les sites ou sur le contenu disponible sur les sites sont des marques d\u00e9pos\u00e9es et non d\u00e9pos\u00e9es d&#039;iSend.live et d&#039;autres.<br \/>Aucune information contenue dans les Sites ne doit \u00eatre interpr\u00e9t\u00e9e comme accordant, de mani\u00e8re expresse ou implicite, une licence ou un droit d&#039;utilisation de toute Marque commerciale affich\u00e9e sur les Sites sans l&#039;autorisation \u00e9crite d&#039;iSend.live ou de tout tiers pouvant \u00eatre propri\u00e9taire de la Marque commerciale applicable.<\/p><p>5. Modifications des conditions g\u00e9n\u00e9rales<br \/>iSend.live peut, \u00e0 sa seule discr\u00e9tion, r\u00e9viser ou modifier ces Termes et Conditions (en tout ou en partie) de temps \u00e0 autre et \u00e0 tout moment sans pr\u00e9avis.<br \/>Les modifications apport\u00e9es aux Termes et Conditions entreront en vigueur d\u00e8s leur publication par nous sur les Sites.<br \/>Votre utilisation continue des Sites et \/ ou des services mis \u00e0 disposition sur ou via les Sites apr\u00e8s la publication de toute modification des Conditions g\u00e9n\u00e9rales sera consid\u00e9r\u00e9e comme une acceptation de ces modifications.<\/p><p>6. Informations utilisateur<br \/>Dans le cadre de l&#039;utilisation des Sites et\/ou du contenu ou des services mis \u00e0 disposition sur ou via les Sites, vous pouvez \u00eatre amen\u00e9 \u00e0 nous fournir certaines informations personnalis\u00e9es (Informations Utilisateur). Les politiques de collecte et d&#039;utilisation des informations d&#039;iSend.live en ce qui concerne la confidentialit\u00e9 de ces informations utilisateur sont d\u00e9finies dans la politique de confidentialit\u00e9 des sites.<br \/>Vous \u00eates seul responsable de l&#039;exactitude et du contenu de vos informations.<\/p><p>7. Lien vers les sites<br \/>l&#039;utilisateur accepte que si vous incluez un lien de tout autre site Web vers les sites, ce lien doit renvoyer \u00e0 la version compl\u00e8te d&#039;une page au format HTML des sites.<br \/>La connexion directe \u00e0 toute image h\u00e9berg\u00e9e sur les Sites ou sur nos services n&#039;est pas autoris\u00e9e, par exemple l&#039;utilisation d&#039;une m\u00e9thode de connexion \u00ab en ligne \u00bb pour provoquer l&#039;affichage de l&#039;image h\u00e9berg\u00e9e par nous sur un autre site Web.<br \/>Vous acceptez de ne pas t\u00e9l\u00e9charger ou utiliser les images h\u00e9berg\u00e9es sur les Sites sur un autre site Web, \u00e0 quelque fin que ce soit, y compris, sans s&#039;y limiter, la publication de ces images sur un autre site Web.<br \/>Vous acceptez de ne pas cr\u00e9er de lien depuis tout autre site Web vers les Sites de quelque mani\u00e8re que ce soit de sorte que les Sites, ou toute page des Sites, soient \u00ab encadr\u00e9s \u00bb, entour\u00e9s ou obscurcis par tout contenu, mat\u00e9riel ou marque de tiers.<br \/>Nous nous r\u00e9servons le droit d&#039;exiger que tout lien vers les Sites soit interrompu et de r\u00e9voquer le droit de se connecter aux Sites \u00e0 partir de tout autre site Web \u00e0 tout moment moyennant un avis \u00e9crit \u00e0 l&#039;utilisateur.<\/p><p>8. Sites tiers.<br \/>Vous pourrez peut-\u00eatre basculer entre les sites et les sites Web de tiers (sites li\u00e9s).<br \/>Vous reconnaissez et acceptez que nous n&#039;avons aucune responsabilit\u00e9 pour les informations, contenus, produits, services, publicit\u00e9s, codes ou autres \u00e9l\u00e9ments qui peuvent ou non \u00eatre fournis par ou via des sites li\u00e9s, m\u00eame s&#039;ils sont d\u00e9tenus ou exploit\u00e9s par nos affili\u00e9s.<br \/>L&#039;inclusion de tout lien vers ces sites Web sur nos sites n&#039;implique pas l&#039;approbation, le parrainage ou la recommandation de ce site Web par iSend.live.<br \/>iSend.live d\u00e9cline toute responsabilit\u00e9 pour les liens vers un autre site Internet.<\/p><p>9. Clause de non-responsabilit\u00e9<br \/>La loi sur les pratiques commerciales et la l\u00e9gislation similaire sur le sujet de l&#039;\u00e9tat et du territoire en Italie peuvent donner \u00e0 l&#039;utilisateur des droits et des recours en ce qui concerne la fourniture de biens ou de services sur les sites qui ne peuvent \u00eatre exclus, limit\u00e9s ou modifi\u00e9s par iSend.live (droits non excluable).<br \/>iSend.livenon exclut tout droit non exclusif mais exclut toutes les autres conditions et garanties implicites par les coutumes, lois ou statuts.<br \/>Sauf dans les cas pr\u00e9vus par les droits non exclusifs\u00a0:<br \/>tout le contenu et les services sur les Sites sont fournis &quot;tels quels&quot; et sans garantie d&#039;aucune sorte, expresse ou implicite\u00a0;<br \/>iSend.live et ses fournisseurs d\u00e9clinent express\u00e9ment toute garantie de quelque nature que ce soit, y compris, \u00e0 titre d&#039;exemple, les garanties implicites de qualit\u00e9 marchande et d&#039;ad\u00e9quation \u00e0 un usage particulier\u00a0;<br \/>iSend.live ne garantit pas que les fonctions contenues dans tout contenu ou votre acc\u00e8s aux Sites seront ininterrompus ou sans erreur, que tout d\u00e9faut sera corrig\u00e9 ou que les Sites ou le serveur qui stocke et vous transmet le contenu sont exempts de virus ou autres composants. nuisible; et iSend.live ne garantit ni ne fait aucune d\u00e9claration concernant l&#039;acc\u00e8s ou les r\u00e9sultats de l&#039;acc\u00e8s aux sites (y compris les sites Web li\u00e9s ou li\u00e9s) ou tout contenu en termes d&#039;exactitude, de pr\u00e9cision, d&#039;actualit\u00e9, d&#039;exhaustivit\u00e9, de fiabilit\u00e9 ou autre.<br \/>En aucun cas (y compris, mais sans s&#039;y limiter, tout acte ou omission de la part d&#039;iSend.live), iSend.live ou ses soci\u00e9t\u00e9s affili\u00e9es ne seront responsables des dommages indirects, accessoires, sp\u00e9ciaux et\/ou cons\u00e9cutifs ou des pertes de b\u00e9n\u00e9fices de toute nature r\u00e9sultant de toute utilisation ou acc\u00e8s ou incapacit\u00e9 d&#039;utiliser ou d&#039;acc\u00e9der aux Sites ou au contenu.<br \/>Dans toute la mesure permise par la loi, la responsabilit\u00e9 d&#039;iSend.live en cas de violation de toute garantie ou condition implicite qui ne peut \u00eatre exclue est limit\u00e9e \u00e0 l&#039;option d&#039;iSend.live \u00e0 ce qui suit\u00a0:<br \/>en cas de services fournis ou offerts par iSend.live\u00a0:<br \/>la prestation de services \u00e0 nouveau\u00a0; paiement du co\u00fbt de la prestation de services\u00a0;<br \/>et dans le cas de biens fournis ou offerts par nous\u00a0:<br \/>le remplacement d&#039;actifs ou la fourniture de biens \u00e9quivalents\u00a0; ou<br \/>le paiement du co\u00fbt de remplacement des biens ou d&#039;achat de biens \u00e9quivalents.<br \/>Nous d\u00e9clinons toute responsabilit\u00e9 pour les incompatibilit\u00e9s ou les probl\u00e8mes caus\u00e9s par le plugin WordPress gratuit fourni avec iSend.<br \/>Il n&#039;est pas possible de demander un remboursement pour les produits num\u00e9riques achet\u00e9s.<br \/>Avant de proc\u00e9der \u00e0 l&#039;achat, il est possible de t\u00e9l\u00e9charger les versions de d\u00e9monstration pour effectuer des tests d&#039;\u00e9valuation.<\/p><p>10. Lois applicables<br \/>Nous contr\u00f4lons et g\u00e9rons les Sites depuis nos bureaux en Italie conform\u00e9ment aux lois italiennes. Nous ne d\u00e9clarons pas que les mat\u00e9riaux sur les sites sont appropri\u00e9s ou disponibles pour une utilisation dans d&#039;autres endroits. Les personnes qui choisissent d&#039;acc\u00e9der aux Sites \u00e0 partir d&#039;autres endroits le font de leur propre initiative et sont responsables du respect des lois locales, si et dans la mesure o\u00f9 les lois locales sont applicables.<\/p><p>11. R\u00e8gles sur les spams<br \/>Il est absolument interdit d&#039;utiliser iSend \u00e0 des fins de Spam, ceux qui font du Spam les violent\u00a0<a href=\"https:\/\/faq.whatsapp.com\/general\/security-and-privacy\/staying-safe-on-whatsapp\/\">R\u00e8gles Whatsapp<\/a>\u00a0cela peut entra\u00eener la fermeture du compte.<\/p><p>12. Donn\u00e9es personnelles<br \/>En acceptant nos termes et conditions, vous nous autorisez \u00e0 utiliser vos donn\u00e9es personnelles \u00e0 des fins publicitaires, vous pouvez demander l&#039;annulation \u00e0 tout moment.<\/p><p>REMARQUE : iSend n&#039;est pas connect\u00e9 \u00e0 WhatsApp (WhatsApp Inc. et\/ou WhatsApp Ireland Limited) ou \u00e0 d&#039;autres soci\u00e9t\u00e9s des soci\u00e9t\u00e9s Facebook. Il n&#039;existe pas de relations contractuelles particuli\u00e8res entre iSend et les plateformes de messagerie relatives \u00e0 la fourniture de services par iSend \u00e0 ses clients. iSend a besoin de services de plate-forme de messagerie pour fournir ses services aux clients. Par cons\u00e9quent, les modifications de ces plates-formes de messagerie pourraient affecter et m\u00eame emp\u00eacher les services iSend. iSend n&#039;a aucune influence sur la fourniture des services par les plateformes de messagerie ou sur leur configuration technique. iSend est un logiciel PC et MAC appel\u00e9 AUTONOME, Toutes les donn\u00e9es seront stock\u00e9es exclusivement sur le PC utilis\u00e9 sans jamais \u00eatre transmises ou accessibles par nos serveurs (et\/ou des tiers) ou d&#039;autres syst\u00e8mes en ligne.<\/p>\t\t\t\t\t\t\t\t<\/div>\n\t\t\t\t<\/div>\n\t\t\t\t\t<\/div>\n\t\t<\/div>\n\t\t\t\t\t<\/div>\n\t\t<\/section>\n\t\t\t\t<\/div>","protected":false},"excerpt":{"rendered":"<p>terms conditions iSend.live terms and conditionsThe following terms and conditions (Terms and Conditions) govern your use of this website and any content made available from or through the following iSend.live websites (Sites), including but not limited to: Site name: isend.live The Sites are owned and operated by iSend.live. (iSend.live or us or us). Use and [&hellip;]<\/p>\n","protected":false},"author":1,"featured_media":0,"parent":0,"menu_order":0,"comment_status":"closed","ping_status":"closed","template":"","meta":{"site-sidebar-layout":"no-sidebar","site-content-layout":"page-builder","ast-site-content-layout":"default","site-content-style":"default","site-sidebar-style":"default","ast-global-header-display":"","ast-banner-title-visibility":"","ast-main-header-display":"","ast-hfb-above-header-display":"","ast-hfb-below-header-display":"","ast-hfb-mobile-header-display":"","site-post-title":"disabled","ast-breadcrumbs-content":"","ast-featured-img":"disabled","footer-sml-layout":"","ast-disable-related-posts":"","theme-transparent-header-meta":"enabled","adv-header-id-meta":"","stick-header-meta":"","header-above-stick-meta":"","header-main-stick-meta":"","header-below-stick-meta":"","astra-migrate-meta-layouts":"default","ast-page-background-enabled":"default","ast-page-background-meta":{"desktop":{"background-color":"var(--ast-global-color-4)","background-image":"","background-repeat":"repeat","background-position":"center center","background-size":"auto","background-attachment":"scroll","background-type":"","background-media":"","overlay-type":"","overlay-color":"","overlay-opacity":"","overlay-gradient":""},"tablet":{"background-color":"","background-image":"","background-repeat":"repeat","background-position":"center center","background-size":"auto","background-attachment":"scroll","background-type":"","background-media":"","overlay-type":"","overlay-color":"","overlay-opacity":"","overlay-gradient":""},"mobile":{"background-color":"","background-image":"","background-repeat":"repeat","background-position":"center center","background-size":"auto","background-attachment":"scroll","background-type":"","background-media":"","overlay-type":"","overlay-color":"","overlay-opacity":"","overlay-gradient":""}},"ast-content-background-meta":{"desktop":{"background-color":"var(--ast-global-color-5)","background-image":"","background-repeat":"repeat","background-position":"center center","background-size":"auto","background-attachment":"scroll","background-type":"","background-media":"","overlay-type":"","overlay-color":"","overlay-opacity":"","overlay-gradient":""},"tablet":{"background-color":"var(--ast-global-color-5)","background-image":"","background-repeat":"repeat","background-position":"center center","background-size":"auto","background-attachment":"scroll","background-type":"","background-media":"","overlay-type":"","overlay-color":"","overlay-opacity":"","overlay-gradient":""},"mobile":{"background-color":"var(--ast-global-color-5)","background-image":"","background-repeat":"repeat","background-position":"center center","background-size":"auto","background-attachment":"scroll","background-type":"","background-media":"","overlay-type":"","overlay-color":"","overlay-opacity":"","overlay-gradient":""}},"footnotes":""},"class_list":["post-2153","page","type-page","status-publish","hentry"],"yoast_head":"<!-- This site is optimized with the Yoast SEO plugin v27.3 - https:\/\/yoast.com\/product\/yoast-seo-wordpress\/ -->\n<title>Terms Conditions - iSend - WhatsApp - SMS Marketing<\/title>\n<meta name=\"robots\" content=\"index, follow, max-snippet:-1, max-image-preview:large, max-video-preview:-1\" \/>\n<link rel=\"canonical\" href=\"https:\/\/isend.live\/fr\/terms-conditions\/\" \/>\n<meta property=\"og:locale\" content=\"fr_FR\" \/>\n<meta property=\"og:type\" content=\"article\" \/>\n<meta property=\"og:title\" content=\"Terms Conditions - iSend - WhatsApp - SMS Marketing\" \/>\n<meta property=\"og:description\" content=\"terms conditions iSend.live terms and conditionsThe following terms and conditions (Terms and Conditions) govern your use of this website and any content made available from or through the following iSend.live websites (Sites), including but not limited to: Site name: isend.live The Sites are owned and operated by iSend.live. (iSend.live or us or us). Use and [&hellip;]\" \/>\n<meta property=\"og:url\" content=\"https:\/\/isend.live\/fr\/terms-conditions\/\" \/>\n<meta property=\"og:site_name\" content=\"iSend - WhatsApp - SMS Marketing\" \/>\n<meta property=\"article:modified_time\" content=\"2023-01-25T15:53:08+00:00\" \/>\n<meta name=\"twitter:card\" content=\"summary_large_image\" \/>\n<meta name=\"twitter:label1\" content=\"Est. reading time\" \/>\n\t<meta name=\"twitter:data1\" content=\"8 minutes\" \/>\n<script type=\"application\/ld+json\" class=\"yoast-schema-graph\">{\"@context\":\"https:\\\/\\\/schema.org\",\"@graph\":[{\"@type\":\"WebPage\",\"@id\":\"https:\\\/\\\/isend.live\\\/en\\\/terms-conditions\\\/\",\"url\":\"https:\\\/\\\/isend.live\\\/en\\\/terms-conditions\\\/\",\"name\":\"Terms Conditions - iSend - WhatsApp - SMS Marketing\",\"isPartOf\":{\"@id\":\"https:\\\/\\\/isend.live\\\/en\\\/#website\"},\"datePublished\":\"2023-01-22T19:01:17+00:00\",\"dateModified\":\"2023-01-25T15:53:08+00:00\",\"breadcrumb\":{\"@id\":\"https:\\\/\\\/isend.live\\\/en\\\/terms-conditions\\\/#breadcrumb\"},\"inLanguage\":\"fr-FR\",\"potentialAction\":[{\"@type\":\"ReadAction\",\"target\":[\"https:\\\/\\\/isend.live\\\/en\\\/terms-conditions\\\/\"]}]},{\"@type\":\"BreadcrumbList\",\"@id\":\"https:\\\/\\\/isend.live\\\/en\\\/terms-conditions\\\/#breadcrumb\",\"itemListElement\":[{\"@type\":\"ListItem\",\"position\":1,\"name\":\"Home\",\"item\":\"https:\\\/\\\/isend.live\\\/en\\\/\"},{\"@type\":\"ListItem\",\"position\":2,\"name\":\"Terms Conditions\"}]},{\"@type\":\"WebSite\",\"@id\":\"https:\\\/\\\/isend.live\\\/en\\\/#website\",\"url\":\"https:\\\/\\\/isend.live\\\/en\\\/\",\"name\":\"iSend - WhatsApp - SMS Marketing\",\"description\":\"Send massive messages to your customers.\",\"publisher\":{\"@id\":\"https:\\\/\\\/isend.live\\\/en\\\/#organization\"},\"potentialAction\":[{\"@type\":\"SearchAction\",\"target\":{\"@type\":\"EntryPoint\",\"urlTemplate\":\"https:\\\/\\\/isend.live\\\/en\\\/?s={search_term_string}\"},\"query-input\":{\"@type\":\"PropertyValueSpecification\",\"valueRequired\":true,\"valueName\":\"search_term_string\"}}],\"inLanguage\":\"fr-FR\"},{\"@type\":\"Organization\",\"@id\":\"https:\\\/\\\/isend.live\\\/en\\\/#organization\",\"name\":\"iSend - WhatsApp - SMS Marketing\",\"url\":\"https:\\\/\\\/isend.live\\\/en\\\/\",\"logo\":{\"@type\":\"ImageObject\",\"inLanguage\":\"fr-FR\",\"@id\":\"https:\\\/\\\/isend.live\\\/en\\\/#\\\/schema\\\/logo\\\/image\\\/\",\"url\":\"https:\\\/\\\/isend.live\\\/wp-content\\\/uploads\\\/2023\\\/01\\\/iSend-logo-160-green-1.png\",\"contentUrl\":\"https:\\\/\\\/isend.live\\\/wp-content\\\/uploads\\\/2023\\\/01\\\/iSend-logo-160-green-1.png\",\"width\":180,\"height\":58,\"caption\":\"iSend - WhatsApp - SMS Marketing\"},\"image\":{\"@id\":\"https:\\\/\\\/isend.live\\\/en\\\/#\\\/schema\\\/logo\\\/image\\\/\"}}]}<\/script>\n<!-- \/ Yoast SEO plugin. -->","yoast_head_json":{"title":"Terms Conditions - iSend - WhatsApp - SMS Marketing","robots":{"index":"index","follow":"follow","max-snippet":"max-snippet:-1","max-image-preview":"max-image-preview:large","max-video-preview":"max-video-preview:-1"},"canonical":"https:\/\/isend.live\/fr\/terms-conditions\/","og_locale":"fr_FR","og_type":"article","og_title":"Terms Conditions - iSend - WhatsApp - SMS Marketing","og_description":"terms conditions iSend.live terms and conditionsThe following terms and conditions (Terms and Conditions) govern your use of this website and any content made available from or through the following iSend.live websites (Sites), including but not limited to: Site name: isend.live The Sites are owned and operated by iSend.live. (iSend.live or us or us). Use and [&hellip;]","og_url":"https:\/\/isend.live\/fr\/terms-conditions\/","og_site_name":"iSend - WhatsApp - SMS Marketing","article_modified_time":"2023-01-25T15:53:08+00:00","twitter_card":"summary_large_image","twitter_misc":{"Est. reading time":"8 minutes"},"schema":{"@context":"https:\/\/schema.org","@graph":[{"@type":"WebPage","@id":"https:\/\/isend.live\/en\/terms-conditions\/","url":"https:\/\/isend.live\/en\/terms-conditions\/","name":"Terms Conditions - iSend - WhatsApp - SMS Marketing","isPartOf":{"@id":"https:\/\/isend.live\/en\/#website"},"datePublished":"2023-01-22T19:01:17+00:00","dateModified":"2023-01-25T15:53:08+00:00","breadcrumb":{"@id":"https:\/\/isend.live\/en\/terms-conditions\/#breadcrumb"},"inLanguage":"fr-FR","potentialAction":[{"@type":"ReadAction","target":["https:\/\/isend.live\/en\/terms-conditions\/"]}]},{"@type":"BreadcrumbList","@id":"https:\/\/isend.live\/en\/terms-conditions\/#breadcrumb","itemListElement":[{"@type":"ListItem","position":1,"name":"Home","item":"https:\/\/isend.live\/en\/"},{"@type":"ListItem","position":2,"name":"Terms Conditions"}]},{"@type":"WebSite","@id":"https:\/\/isend.live\/en\/#website","url":"https:\/\/isend.live\/en\/","name":"iSend - WhatsApp - Marketing par SMS","description":"Envoyez des messages massifs \u00e0 vos clients.","publisher":{"@id":"https:\/\/isend.live\/en\/#organization"},"potentialAction":[{"@type":"SearchAction","target":{"@type":"EntryPoint","urlTemplate":"https:\/\/isend.live\/en\/?s={search_term_string}"},"query-input":{"@type":"PropertyValueSpecification","valueRequired":true,"valueName":"search_term_string"}}],"inLanguage":"fr-FR"},{"@type":"Organization","@id":"https:\/\/isend.live\/en\/#organization","name":"iSend - WhatsApp - Marketing par SMS","url":"https:\/\/isend.live\/en\/","logo":{"@type":"ImageObject","inLanguage":"fr-FR","@id":"https:\/\/isend.live\/en\/#\/schema\/logo\/image\/","url":"https:\/\/isend.live\/wp-content\/uploads\/2023\/01\/iSend-logo-160-green-1.png","contentUrl":"https:\/\/isend.live\/wp-content\/uploads\/2023\/01\/iSend-logo-160-green-1.png","width":180,"height":58,"caption":"iSend - WhatsApp - SMS Marketing"},"image":{"@id":"https:\/\/isend.live\/en\/#\/schema\/logo\/image\/"}}]}},"_links":{"self":[{"href":"https:\/\/isend.live\/fr\/wp-json\/wp\/v2\/pages\/2153","targetHints":{"allow":["GET"]}}],"collection":[{"href":"https:\/\/isend.live\/fr\/wp-json\/wp\/v2\/pages"}],"about":[{"href":"https:\/\/isend.live\/fr\/wp-json\/wp\/v2\/types\/page"}],"author":[{"embeddable":true,"href":"https:\/\/isend.live\/fr\/wp-json\/wp\/v2\/users\/1"}],"replies":[{"embeddable":true,"href":"https:\/\/isend.live\/fr\/wp-json\/wp\/v2\/comments?post=2153"}],"version-history":[{"count":16,"href":"https:\/\/isend.live\/fr\/wp-json\/wp\/v2\/pages\/2153\/revisions"}],"predecessor-version":[{"id":2435,"href":"https:\/\/isend.live\/fr\/wp-json\/wp\/v2\/pages\/2153\/revisions\/2435"}],"wp:attachment":[{"href":"https:\/\/isend.live\/fr\/wp-json\/wp\/v2\/media?parent=2153"}],"curies":[{"name":"wp","href":"https:\/\/api.w.org\/{rel}","templated":true}]}}