{"id":3104,"date":"2023-04-08T15:42:53","date_gmt":"2023-04-08T15:42:53","guid":{"rendered":"https:\/\/isend.live\/?page_id=3104"},"modified":"2023-04-28T12:01:34","modified_gmt":"2023-04-28T12:01:34","slug":"android","status":"publish","type":"page","link":"https:\/\/isend.live\/de\/android\/","title":{"rendered":"Android"},"content":{"rendered":"<p>Dieser Thread erkl\u00e4rt einige der wichtigsten Teile in der\u00a0<strong>Android<\/strong>\u00a0Buchseite.<\/p>\n<h3 id=\"ussd\">USSD<\/h3>\n<p>Diese Seite enth\u00e4lt alle USSD-Antworten des Ger\u00e4ts.<\/p>\n<p><img fetchpriority=\"high\" decoding=\"async\" class=\"alignnone size-full wp-image-3099\" src=\"https:\/\/isend.live\/wp-content\/uploads\/2023\/04\/2Cattura-1.png\" alt=\"\" width=\"1920\" height=\"851\" srcset=\"https:\/\/isend.live\/wp-content\/uploads\/2023\/04\/2Cattura-1.png 1920w, https:\/\/isend.live\/wp-content\/uploads\/2023\/04\/2Cattura-1-300x133.png 300w, https:\/\/isend.live\/wp-content\/uploads\/2023\/04\/2Cattura-1-1024x454.png 1024w, https:\/\/isend.live\/wp-content\/uploads\/2023\/04\/2Cattura-1-768x340.png 768w, https:\/\/isend.live\/wp-content\/uploads\/2023\/04\/2Cattura-1-1536x681.png 1536w, https:\/\/isend.live\/wp-content\/uploads\/2023\/04\/2Cattura-1-18x8.png 18w, https:\/\/isend.live\/wp-content\/uploads\/2023\/04\/2Cattura-1-600x266.png 600w\" sizes=\"(max-width: 1920px) 100vw, 1920px\" \/><\/p>\n<h3 id=\"notifications\">Benachrichtigungen<\/h3>\n<p>Diese Seite enth\u00e4lt alle Benachrichtigungen, die Sie von Ihren Ger\u00e4ten erhalten haben.<\/p>\n<p><img decoding=\"async\" class=\"alignnone size-full wp-image-3100\" src=\"https:\/\/isend.live\/wp-content\/uploads\/2023\/04\/3Cattura-1.png\" alt=\"\" width=\"1920\" height=\"826\" srcset=\"https:\/\/isend.live\/wp-content\/uploads\/2023\/04\/3Cattura-1.png 1920w, https:\/\/isend.live\/wp-content\/uploads\/2023\/04\/3Cattura-1-300x129.png 300w, https:\/\/isend.live\/wp-content\/uploads\/2023\/04\/3Cattura-1-1024x441.png 1024w, https:\/\/isend.live\/wp-content\/uploads\/2023\/04\/3Cattura-1-768x330.png 768w, https:\/\/isend.live\/wp-content\/uploads\/2023\/04\/3Cattura-1-1536x661.png 1536w, https:\/\/isend.live\/wp-content\/uploads\/2023\/04\/3Cattura-1-18x8.png 18w, https:\/\/isend.live\/wp-content\/uploads\/2023\/04\/3Cattura-1-600x258.png 600w\" sizes=\"(max-width: 1920px) 100vw, 1920px\" \/><\/p>\n<p>&nbsp;<\/p>\n<h3 id=\"devices\">Ger\u00e4te<\/h3>\n<p>Um Nachrichten senden zu k\u00f6nnen, m\u00fcssen Benutzer ihre Android-Ger\u00e4te verkn\u00fcpfen. Dazu laden Sie die Gateway-App herunter und melden sich an. Sie k\u00f6nnen auch Nachrichten mit Credits senden, aber wir werden dies in einem anderen Thread erkl\u00e4ren.<\/p>\n<h4 id=\"versions-supported\">Unterst\u00fctzte Versionen<\/h4>\n<p>Dies sind die unterst\u00fctzten Android-Versionen der Gateway-App. Wir aktualisieren die App st\u00e4ndig, um mit den \u00c4nderungen Schritt zu halten.<\/p>\n<ul>\n<li>Android Lollipop<\/li>\n<li>Android Marshmallow<\/li>\n<li>Android Nougat<\/li>\n<li>Android Oreo<\/li>\n<li>Android Pie<\/li>\n<li>Android 10<\/li>\n<li>Android 11<\/li>\n<li>Android 12<\/li>\n<\/ul>\n<p><img decoding=\"async\" class=\"alignnone size-full wp-image-3101\" src=\"https:\/\/isend.live\/wp-content\/uploads\/2023\/04\/1Cattura-2.png\" alt=\"\" width=\"1920\" height=\"834\" srcset=\"https:\/\/isend.live\/wp-content\/uploads\/2023\/04\/1Cattura-2.png 1920w, https:\/\/isend.live\/wp-content\/uploads\/2023\/04\/1Cattura-2-300x130.png 300w, https:\/\/isend.live\/wp-content\/uploads\/2023\/04\/1Cattura-2-1024x445.png 1024w, https:\/\/isend.live\/wp-content\/uploads\/2023\/04\/1Cattura-2-768x334.png 768w, https:\/\/isend.live\/wp-content\/uploads\/2023\/04\/1Cattura-2-1536x667.png 1536w, https:\/\/isend.live\/wp-content\/uploads\/2023\/04\/1Cattura-2-18x8.png 18w, https:\/\/isend.live\/wp-content\/uploads\/2023\/04\/1Cattura-2-600x261.png 600w\" sizes=\"(max-width: 1920px) 100vw, 1920px\" \/><\/p>","protected":false},"excerpt":{"rendered":"<p>This thread explains some of the key parts in the\u00a0Android\u00a0page. USSD This page will contain all the USSD responses from the device. Notifications This page will contain all the notifications received from your devices. &nbsp; Devices To be able to send messages, users will need to link their Android devices. This is done by downloading [&hellip;]<\/p>\n","protected":false},"author":1,"featured_media":3099,"parent":0,"menu_order":0,"comment_status":"closed","ping_status":"closed","template":"","meta":{"site-sidebar-layout":"default","site-content-layout":"default","ast-site-content-layout":"default","site-content-style":"default","site-sidebar-style":"default","ast-global-header-display":"","ast-banner-title-visibility":"","ast-main-header-display":"","ast-hfb-above-header-display":"","ast-hfb-below-header-display":"","ast-hfb-mobile-header-display":"","site-post-title":"disabled","ast-breadcrumbs-content":"","ast-featured-img":"","footer-sml-layout":"","ast-disable-related-posts":"","theme-transparent-header-meta":"default","adv-header-id-meta":"","stick-header-meta":"","header-above-stick-meta":"","header-main-stick-meta":"","header-below-stick-meta":"","astra-migrate-meta-layouts":"default","ast-page-background-enabled":"default","ast-page-background-meta":{"desktop":{"background-color":"var(--ast-global-color-4)","background-image":"","background-repeat":"repeat","background-position":"center center","background-size":"auto","background-attachment":"scroll","background-type":"","background-media":"","overlay-type":"","overlay-color":"","overlay-opacity":"","overlay-gradient":""},"tablet":{"background-color":"","background-image":"","background-repeat":"repeat","background-position":"center center","background-size":"auto","background-attachment":"scroll","background-type":"","background-media":"","overlay-type":"","overlay-color":"","overlay-opacity":"","overlay-gradient":""},"mobile":{"background-color":"","background-image":"","background-repeat":"repeat","background-position":"center center","background-size":"auto","background-attachment":"scroll","background-type":"","background-media":"","overlay-type":"","overlay-color":"","overlay-opacity":"","overlay-gradient":""}},"ast-content-background-meta":{"desktop":{"background-color":"var(--ast-global-color-5)","background-image":"","background-repeat":"repeat","background-position":"center center","background-size":"auto","background-attachment":"scroll","background-type":"","background-media":"","overlay-type":"","overlay-color":"","overlay-opacity":"","overlay-gradient":""},"tablet":{"background-color":"var(--ast-global-color-5)","background-image":"","background-repeat":"repeat","background-position":"center center","background-size":"auto","background-attachment":"scroll","background-type":"","background-media":"","overlay-type":"","overlay-color":"","overlay-opacity":"","overlay-gradient":""},"mobile":{"background-color":"var(--ast-global-color-5)","background-image":"","background-repeat":"repeat","background-position":"center center","background-size":"auto","background-attachment":"scroll","background-type":"","background-media":"","overlay-type":"","overlay-color":"","overlay-opacity":"","overlay-gradient":""}},"footnotes":""},"class_list":["post-3104","page","type-page","status-publish","has-post-thumbnail","hentry"],"yoast_head":"<!-- This site is optimized with the Yoast SEO plugin v27.3 - https:\/\/yoast.com\/product\/yoast-seo-wordpress\/ -->\n<title>Android - iSend - WhatsApp - SMS Marketing<\/title>\n<meta name=\"description\" content=\"This thread explains some of the key parts in the\u00a0Android\u00a0page. USSD This page will contain all the USSD responses from the device.\" \/>\n<meta name=\"robots\" content=\"index, follow, max-snippet:-1, max-image-preview:large, max-video-preview:-1\" \/>\n<link rel=\"canonical\" href=\"https:\/\/isend.live\/de\/android\/\" \/>\n<meta property=\"og:locale\" content=\"de_DE\" \/>\n<meta property=\"og:type\" content=\"article\" \/>\n<meta property=\"og:title\" content=\"Android - iSend - WhatsApp - SMS Marketing\" \/>\n<meta property=\"og:description\" content=\"This thread explains some of the key parts in the\u00a0Android\u00a0page. USSD This page will contain all the USSD responses from the device.\" \/>\n<meta property=\"og:url\" content=\"https:\/\/isend.live\/de\/android\/\" \/>\n<meta property=\"og:site_name\" content=\"iSend - WhatsApp - SMS Marketing\" \/>\n<meta property=\"article:modified_time\" content=\"2023-04-28T12:01:34+00:00\" \/>\n<meta property=\"og:image\" content=\"https:\/\/isend.live\/wp-content\/uploads\/2023\/04\/2Cattura-1.png\" \/>\n\t<meta property=\"og:image:width\" content=\"1920\" \/>\n\t<meta property=\"og:image:height\" content=\"851\" \/>\n\t<meta property=\"og:image:type\" content=\"image\/png\" \/>\n<meta name=\"twitter:card\" content=\"summary_large_image\" \/>\n<meta name=\"twitter:label1\" content=\"Est. reading time\" \/>\n\t<meta name=\"twitter:data1\" content=\"2 minutes\" \/>\n<script type=\"application\/ld+json\" class=\"yoast-schema-graph\">{\"@context\":\"https:\\\/\\\/schema.org\",\"@graph\":[{\"@type\":\"WebPage\",\"@id\":\"https:\\\/\\\/isend.live\\\/en\\\/android\\\/\",\"url\":\"https:\\\/\\\/isend.live\\\/en\\\/android\\\/\",\"name\":\"Android - iSend - WhatsApp - SMS Marketing\",\"isPartOf\":{\"@id\":\"https:\\\/\\\/isend.live\\\/en\\\/#website\"},\"primaryImageOfPage\":{\"@id\":\"https:\\\/\\\/isend.live\\\/en\\\/android\\\/#primaryimage\"},\"image\":{\"@id\":\"https:\\\/\\\/isend.live\\\/en\\\/android\\\/#primaryimage\"},\"thumbnailUrl\":\"https:\\\/\\\/isend.live\\\/wp-content\\\/uploads\\\/2023\\\/04\\\/2Cattura-1.png\",\"datePublished\":\"2023-04-08T15:42:53+00:00\",\"dateModified\":\"2023-04-28T12:01:34+00:00\",\"description\":\"This thread explains some of the key parts in the\u00a0Android\u00a0page. USSD This page will contain all the USSD responses from the device.\",\"breadcrumb\":{\"@id\":\"https:\\\/\\\/isend.live\\\/en\\\/android\\\/#breadcrumb\"},\"inLanguage\":\"de-DE\",\"potentialAction\":[{\"@type\":\"ReadAction\",\"target\":[\"https:\\\/\\\/isend.live\\\/en\\\/android\\\/\"]}]},{\"@type\":\"ImageObject\",\"inLanguage\":\"de-DE\",\"@id\":\"https:\\\/\\\/isend.live\\\/en\\\/android\\\/#primaryimage\",\"url\":\"https:\\\/\\\/isend.live\\\/wp-content\\\/uploads\\\/2023\\\/04\\\/2Cattura-1.png\",\"contentUrl\":\"https:\\\/\\\/isend.live\\\/wp-content\\\/uploads\\\/2023\\\/04\\\/2Cattura-1.png\",\"width\":1920,\"height\":851},{\"@type\":\"BreadcrumbList\",\"@id\":\"https:\\\/\\\/isend.live\\\/en\\\/android\\\/#breadcrumb\",\"itemListElement\":[{\"@type\":\"ListItem\",\"position\":1,\"name\":\"Home\",\"item\":\"https:\\\/\\\/isend.live\\\/en\\\/\"},{\"@type\":\"ListItem\",\"position\":2,\"name\":\"Android\"}]},{\"@type\":\"WebSite\",\"@id\":\"https:\\\/\\\/isend.live\\\/en\\\/#website\",\"url\":\"https:\\\/\\\/isend.live\\\/en\\\/\",\"name\":\"iSend - WhatsApp - SMS Marketing\",\"description\":\"Send massive messages to your customers.\",\"publisher\":{\"@id\":\"https:\\\/\\\/isend.live\\\/en\\\/#organization\"},\"potentialAction\":[{\"@type\":\"SearchAction\",\"target\":{\"@type\":\"EntryPoint\",\"urlTemplate\":\"https:\\\/\\\/isend.live\\\/en\\\/?s={search_term_string}\"},\"query-input\":{\"@type\":\"PropertyValueSpecification\",\"valueRequired\":true,\"valueName\":\"search_term_string\"}}],\"inLanguage\":\"de-DE\"},{\"@type\":\"Organization\",\"@id\":\"https:\\\/\\\/isend.live\\\/en\\\/#organization\",\"name\":\"iSend - WhatsApp - SMS Marketing\",\"url\":\"https:\\\/\\\/isend.live\\\/en\\\/\",\"logo\":{\"@type\":\"ImageObject\",\"inLanguage\":\"de-DE\",\"@id\":\"https:\\\/\\\/isend.live\\\/en\\\/#\\\/schema\\\/logo\\\/image\\\/\",\"url\":\"https:\\\/\\\/isend.live\\\/wp-content\\\/uploads\\\/2023\\\/01\\\/iSend-logo-160-green-1.png\",\"contentUrl\":\"https:\\\/\\\/isend.live\\\/wp-content\\\/uploads\\\/2023\\\/01\\\/iSend-logo-160-green-1.png\",\"width\":180,\"height\":58,\"caption\":\"iSend - WhatsApp - SMS Marketing\"},\"image\":{\"@id\":\"https:\\\/\\\/isend.live\\\/en\\\/#\\\/schema\\\/logo\\\/image\\\/\"}}]}<\/script>\n<!-- \/ Yoast SEO plugin. -->","yoast_head_json":{"title":"Android - iSend - WhatsApp - SMS Marketing","description":"This thread explains some of the key parts in the\u00a0Android\u00a0page. USSD This page will contain all the USSD responses from the device.","robots":{"index":"index","follow":"follow","max-snippet":"max-snippet:-1","max-image-preview":"max-image-preview:large","max-video-preview":"max-video-preview:-1"},"canonical":"https:\/\/isend.live\/de\/android\/","og_locale":"de_DE","og_type":"article","og_title":"Android - iSend - WhatsApp - SMS Marketing","og_description":"This thread explains some of the key parts in the\u00a0Android\u00a0page. USSD This page will contain all the USSD responses from the device.","og_url":"https:\/\/isend.live\/de\/android\/","og_site_name":"iSend - WhatsApp - SMS Marketing","article_modified_time":"2023-04-28T12:01:34+00:00","og_image":[{"width":1920,"height":851,"url":"https:\/\/isend.live\/wp-content\/uploads\/2023\/04\/2Cattura-1.png","type":"image\/png"}],"twitter_card":"summary_large_image","twitter_misc":{"Est. reading time":"2 minutes"},"schema":{"@context":"https:\/\/schema.org","@graph":[{"@type":"WebPage","@id":"https:\/\/isend.live\/en\/android\/","url":"https:\/\/isend.live\/en\/android\/","name":"Android - iSend - WhatsApp - SMS Marketing","isPartOf":{"@id":"https:\/\/isend.live\/en\/#website"},"primaryImageOfPage":{"@id":"https:\/\/isend.live\/en\/android\/#primaryimage"},"image":{"@id":"https:\/\/isend.live\/en\/android\/#primaryimage"},"thumbnailUrl":"https:\/\/isend.live\/wp-content\/uploads\/2023\/04\/2Cattura-1.png","datePublished":"2023-04-08T15:42:53+00:00","dateModified":"2023-04-28T12:01:34+00:00","description":"This thread explains some of the key parts in the\u00a0Android\u00a0page. USSD This page will contain all the USSD responses from the device.","breadcrumb":{"@id":"https:\/\/isend.live\/en\/android\/#breadcrumb"},"inLanguage":"de-DE","potentialAction":[{"@type":"ReadAction","target":["https:\/\/isend.live\/en\/android\/"]}]},{"@type":"ImageObject","inLanguage":"de-DE","@id":"https:\/\/isend.live\/en\/android\/#primaryimage","url":"https:\/\/isend.live\/wp-content\/uploads\/2023\/04\/2Cattura-1.png","contentUrl":"https:\/\/isend.live\/wp-content\/uploads\/2023\/04\/2Cattura-1.png","width":1920,"height":851},{"@type":"BreadcrumbList","@id":"https:\/\/isend.live\/en\/android\/#breadcrumb","itemListElement":[{"@type":"ListItem","position":1,"name":"Home","item":"https:\/\/isend.live\/en\/"},{"@type":"ListItem","position":2,"name":"Android"}]},{"@type":"WebSite","@id":"https:\/\/isend.live\/en\/#website","url":"https:\/\/isend.live\/en\/","name":"iSend - WhatsApp - SMS-Marketing","description":"Senden Sie umfangreiche Nachrichten an Ihre Kunden.","publisher":{"@id":"https:\/\/isend.live\/en\/#organization"},"potentialAction":[{"@type":"SearchAction","target":{"@type":"EntryPoint","urlTemplate":"https:\/\/isend.live\/en\/?s={search_term_string}"},"query-input":{"@type":"PropertyValueSpecification","valueRequired":true,"valueName":"search_term_string"}}],"inLanguage":"de-DE"},{"@type":"Organization","@id":"https:\/\/isend.live\/en\/#organization","name":"iSend - WhatsApp - SMS-Marketing","url":"https:\/\/isend.live\/en\/","logo":{"@type":"ImageObject","inLanguage":"de-DE","@id":"https:\/\/isend.live\/en\/#\/schema\/logo\/image\/","url":"https:\/\/isend.live\/wp-content\/uploads\/2023\/01\/iSend-logo-160-green-1.png","contentUrl":"https:\/\/isend.live\/wp-content\/uploads\/2023\/01\/iSend-logo-160-green-1.png","width":180,"height":58,"caption":"iSend - WhatsApp - SMS Marketing"},"image":{"@id":"https:\/\/isend.live\/en\/#\/schema\/logo\/image\/"}}]}},"_links":{"self":[{"href":"https:\/\/isend.live\/de\/wp-json\/wp\/v2\/pages\/3104","targetHints":{"allow":["GET"]}}],"collection":[{"href":"https:\/\/isend.live\/de\/wp-json\/wp\/v2\/pages"}],"about":[{"href":"https:\/\/isend.live\/de\/wp-json\/wp\/v2\/types\/page"}],"author":[{"embeddable":true,"href":"https:\/\/isend.live\/de\/wp-json\/wp\/v2\/users\/1"}],"replies":[{"embeddable":true,"href":"https:\/\/isend.live\/de\/wp-json\/wp\/v2\/comments?post=3104"}],"version-history":[{"count":1,"href":"https:\/\/isend.live\/de\/wp-json\/wp\/v2\/pages\/3104\/revisions"}],"predecessor-version":[{"id":3105,"href":"https:\/\/isend.live\/de\/wp-json\/wp\/v2\/pages\/3104\/revisions\/3105"}],"wp:featuredmedia":[{"embeddable":true,"href":"https:\/\/isend.live\/de\/wp-json\/wp\/v2\/media\/3099"}],"wp:attachment":[{"href":"https:\/\/isend.live\/de\/wp-json\/wp\/v2\/media?parent=3104"}],"curies":[{"name":"wp","href":"https:\/\/api.w.org\/{rel}","templated":true}]}}