{"id":3082,"date":"2023-04-08T15:04:00","date_gmt":"2023-04-08T15:04:00","guid":{"rendered":"https:\/\/isend.live\/?page_id=3082"},"modified":"2023-04-26T19:58:07","modified_gmt":"2023-04-26T19:58:07","slug":"sms","status":"publish","type":"page","link":"https:\/\/isend.live\/de\/sms\/","title":{"rendered":"SMS"},"content":{"rendered":"<p>Dieser Thread erkl\u00e4rt einige der wichtigsten Teile der\u00a0<strong>SMS<\/strong>\u00a0Buchseite.<\/p>\n<h3 id=\"sms\">SMS<\/h3>\n<p>Die Kernfunktionalit\u00e4t dieser Plattform dreht sich um SMS. Detaillierte Informationen finden Sie in dieser Dokumentation.<\/p>\n<h4><img fetchpriority=\"high\" decoding=\"async\" class=\"alignnone size-full wp-image-3182\" src=\"https:\/\/isend.live\/wp-content\/uploads\/2023\/04\/test1.png\" alt=\"\" width=\"1902\" height=\"776\" srcset=\"https:\/\/isend.live\/wp-content\/uploads\/2023\/04\/test1.png 1902w, https:\/\/isend.live\/wp-content\/uploads\/2023\/04\/test1-300x122.png 300w, https:\/\/isend.live\/wp-content\/uploads\/2023\/04\/test1-1024x418.png 1024w, https:\/\/isend.live\/wp-content\/uploads\/2023\/04\/test1-768x313.png 768w, https:\/\/isend.live\/wp-content\/uploads\/2023\/04\/test1-1536x627.png 1536w, https:\/\/isend.live\/wp-content\/uploads\/2023\/04\/test1-18x7.png 18w, https:\/\/isend.live\/wp-content\/uploads\/2023\/04\/test1-600x245.png 600w\" sizes=\"(max-width: 1902px) 100vw, 1902px\" \/><\/h4>\n<h4 id=\"sent\">Gesendet<\/h4>\n<p>Diese Seite enth\u00e4lt die gesendete SMS. Es zeigt Nachrichten an, die \u00fcber verkn\u00fcpfte Benutzerger\u00e4te, Partnerger\u00e4te und Gateways von Drittanbietern gesendet wurden.<\/p>\n<p>&nbsp;<\/p>\n<h4 id=\"campaigns\">Kampagnen<\/h4>\n<p>Diese Seite enth\u00e4lt die Kampagnenaktivit\u00e4ten. Wenn Sie eine Massennachricht per Formular oder Excel senden, wird hier ein neues Kampagnenprotokoll erstellt, in dem Sie es pausieren, fortsetzen oder l\u00f6schen k\u00f6nnen.<\/p>\n<p><img decoding=\"async\" class=\"alignnone size-full wp-image-3077\" src=\"https:\/\/isend.live\/wp-content\/uploads\/2023\/04\/22222222222222.png\" alt=\"\" width=\"1920\" height=\"855\" srcset=\"https:\/\/isend.live\/wp-content\/uploads\/2023\/04\/22222222222222.png 1920w, https:\/\/isend.live\/wp-content\/uploads\/2023\/04\/22222222222222-300x134.png 300w, https:\/\/isend.live\/wp-content\/uploads\/2023\/04\/22222222222222-1024x456.png 1024w, https:\/\/isend.live\/wp-content\/uploads\/2023\/04\/22222222222222-768x342.png 768w, https:\/\/isend.live\/wp-content\/uploads\/2023\/04\/22222222222222-1536x684.png 1536w, https:\/\/isend.live\/wp-content\/uploads\/2023\/04\/22222222222222-18x8.png 18w, https:\/\/isend.live\/wp-content\/uploads\/2023\/04\/22222222222222-600x267.png 600w\" sizes=\"(max-width: 1920px) 100vw, 1920px\" \/><\/p>\n<p>&nbsp;<\/p>\n<h4 id=\"received\">Erhalten<\/h4>\n<p>Diese Seite enth\u00e4lt die empfangene SMS. Es werden Nachrichten angezeigt, die von verkn\u00fcpften Benutzerger\u00e4ten empfangen wurden<\/p>\n<p><img decoding=\"async\" class=\"alignnone size-full wp-image-3078\" src=\"https:\/\/isend.live\/wp-content\/uploads\/2023\/04\/3333333333.png\" alt=\"\" width=\"1920\" height=\"863\" srcset=\"https:\/\/isend.live\/wp-content\/uploads\/2023\/04\/3333333333.png 1920w, https:\/\/isend.live\/wp-content\/uploads\/2023\/04\/3333333333-300x135.png 300w, https:\/\/isend.live\/wp-content\/uploads\/2023\/04\/3333333333-1024x460.png 1024w, https:\/\/isend.live\/wp-content\/uploads\/2023\/04\/3333333333-768x345.png 768w, https:\/\/isend.live\/wp-content\/uploads\/2023\/04\/3333333333-1536x690.png 1536w, https:\/\/isend.live\/wp-content\/uploads\/2023\/04\/3333333333-18x8.png 18w, https:\/\/isend.live\/wp-content\/uploads\/2023\/04\/3333333333-600x270.png 600w\" sizes=\"(max-width: 1920px) 100vw, 1920px\" \/><\/p>\n<p>&nbsp;<\/p>\n<h4 id=\"scheduled\">Geplant<\/h4>\n<p>Diese Seite enth\u00e4lt die geplanten SMS. Diese Nachrichten werden per Cronjob versendet. Bitte stellen Sie sicher, dass Sie es konfigurieren.<\/p>\n<p><img loading=\"lazy\" decoding=\"async\" class=\"alignnone size-full wp-image-3079\" src=\"https:\/\/isend.live\/wp-content\/uploads\/2023\/04\/4444444444.png\" alt=\"\" width=\"1920\" height=\"867\" srcset=\"https:\/\/isend.live\/wp-content\/uploads\/2023\/04\/4444444444.png 1920w, https:\/\/isend.live\/wp-content\/uploads\/2023\/04\/4444444444-300x135.png 300w, https:\/\/isend.live\/wp-content\/uploads\/2023\/04\/4444444444-1024x462.png 1024w, https:\/\/isend.live\/wp-content\/uploads\/2023\/04\/4444444444-768x347.png 768w, https:\/\/isend.live\/wp-content\/uploads\/2023\/04\/4444444444-1536x694.png 1536w, https:\/\/isend.live\/wp-content\/uploads\/2023\/04\/4444444444-18x8.png 18w, https:\/\/isend.live\/wp-content\/uploads\/2023\/04\/4444444444-600x271.png 600w\" sizes=\"(max-width: 1920px) 100vw, 1920px\" \/><\/p>\n<p>&nbsp;<\/p>\n<h4 id=\"transactions\">Transaktionen<\/h4>\n<p>Diese Seite enth\u00e4lt die Partnertransaktionen und ist nur f\u00fcr Partnerbenutzer sichtbar. Einnahmen und Nachrichtendetails werden hier angezeigt.<\/p>\n<p>&nbsp;<\/p>\n<p><img loading=\"lazy\" decoding=\"async\" class=\"alignnone size-full wp-image-3080\" src=\"https:\/\/isend.live\/wp-content\/uploads\/2023\/04\/555555555.png\" alt=\"\" width=\"1920\" height=\"846\" srcset=\"https:\/\/isend.live\/wp-content\/uploads\/2023\/04\/555555555.png 1920w, https:\/\/isend.live\/wp-content\/uploads\/2023\/04\/555555555-300x132.png 300w, https:\/\/isend.live\/wp-content\/uploads\/2023\/04\/555555555-1024x451.png 1024w, https:\/\/isend.live\/wp-content\/uploads\/2023\/04\/555555555-768x338.png 768w, https:\/\/isend.live\/wp-content\/uploads\/2023\/04\/555555555-1536x677.png 1536w, https:\/\/isend.live\/wp-content\/uploads\/2023\/04\/555555555-18x8.png 18w, https:\/\/isend.live\/wp-content\/uploads\/2023\/04\/555555555-600x264.png 600w\" sizes=\"(max-width: 1920px) 100vw, 1920px\" \/><\/p>","protected":false},"excerpt":{"rendered":"<p>This thread explains some of the key parts of the\u00a0SMS\u00a0page. SMS The core functionality of this platform revolves around SMS. We have detailed information in this documentation. Sent This page contains the sent SMS. It will show messages sent using linked user devices, partner devices, and 3rd party gateways. &nbsp; Campaigns This page contains the [&hellip;]<\/p>\n","protected":false},"author":1,"featured_media":3182,"parent":0,"menu_order":0,"comment_status":"closed","ping_status":"closed","template":"","meta":{"site-sidebar-layout":"default","site-content-layout":"default","ast-site-content-layout":"default","site-content-style":"default","site-sidebar-style":"default","ast-global-header-display":"","ast-banner-title-visibility":"","ast-main-header-display":"","ast-hfb-above-header-display":"","ast-hfb-below-header-display":"","ast-hfb-mobile-header-display":"","site-post-title":"","ast-breadcrumbs-content":"","ast-featured-img":"","footer-sml-layout":"","ast-disable-related-posts":"","theme-transparent-header-meta":"default","adv-header-id-meta":"","stick-header-meta":"","header-above-stick-meta":"","header-main-stick-meta":"","header-below-stick-meta":"","astra-migrate-meta-layouts":"default","ast-page-background-enabled":"default","ast-page-background-meta":{"desktop":{"background-color":"var(--ast-global-color-4)","background-image":"","background-repeat":"repeat","background-position":"center center","background-size":"auto","background-attachment":"scroll","background-type":"","background-media":"","overlay-type":"","overlay-color":"","overlay-opacity":"","overlay-gradient":""},"tablet":{"background-color":"","background-image":"","background-repeat":"repeat","background-position":"center center","background-size":"auto","background-attachment":"scroll","background-type":"","background-media":"","overlay-type":"","overlay-color":"","overlay-opacity":"","overlay-gradient":""},"mobile":{"background-color":"","background-image":"","background-repeat":"repeat","background-position":"center center","background-size":"auto","background-attachment":"scroll","background-type":"","background-media":"","overlay-type":"","overlay-color":"","overlay-opacity":"","overlay-gradient":""}},"ast-content-background-meta":{"desktop":{"background-color":"var(--ast-global-color-5)","background-image":"","background-repeat":"repeat","background-position":"center center","background-size":"auto","background-attachment":"scroll","background-type":"","background-media":"","overlay-type":"","overlay-color":"","overlay-opacity":"","overlay-gradient":""},"tablet":{"background-color":"var(--ast-global-color-5)","background-image":"","background-repeat":"repeat","background-position":"center center","background-size":"auto","background-attachment":"scroll","background-type":"","background-media":"","overlay-type":"","overlay-color":"","overlay-opacity":"","overlay-gradient":""},"mobile":{"background-color":"var(--ast-global-color-5)","background-image":"","background-repeat":"repeat","background-position":"center center","background-size":"auto","background-attachment":"scroll","background-type":"","background-media":"","overlay-type":"","overlay-color":"","overlay-opacity":"","overlay-gradient":""}},"footnotes":""},"class_list":["post-3082","page","type-page","status-publish","has-post-thumbnail","hentry"],"yoast_head":"<!-- This site is optimized with the Yoast SEO plugin v27.3 - https:\/\/yoast.com\/product\/yoast-seo-wordpress\/ -->\n<title>SMS - iSend - WhatsApp - SMS Marketing<\/title>\n<meta name=\"description\" content=\"This thread explains some of the key parts of the\u00a0SMS\u00a0page. SMS The core functionality of this platform revolves around SMS\" \/>\n<meta name=\"robots\" content=\"index, follow, max-snippet:-1, max-image-preview:large, max-video-preview:-1\" \/>\n<link rel=\"canonical\" href=\"https:\/\/isend.live\/de\/sms\/\" \/>\n<meta property=\"og:locale\" content=\"de_DE\" \/>\n<meta property=\"og:type\" content=\"article\" \/>\n<meta property=\"og:title\" content=\"SMS - iSend - WhatsApp - SMS Marketing\" \/>\n<meta property=\"og:description\" content=\"This thread explains some of the key parts of the\u00a0SMS\u00a0page. SMS The core functionality of this platform revolves around SMS\" \/>\n<meta property=\"og:url\" content=\"https:\/\/isend.live\/de\/sms\/\" \/>\n<meta property=\"og:site_name\" content=\"iSend - WhatsApp - SMS Marketing\" \/>\n<meta property=\"article:modified_time\" content=\"2023-04-26T19:58:07+00:00\" \/>\n<meta property=\"og:image\" content=\"https:\/\/isend.live\/wp-content\/uploads\/2023\/04\/test1.png\" \/>\n\t<meta property=\"og:image:width\" content=\"1902\" \/>\n\t<meta property=\"og:image:height\" content=\"776\" \/>\n\t<meta property=\"og:image:type\" content=\"image\/png\" \/>\n<meta name=\"twitter:card\" content=\"summary_large_image\" \/>\n<meta name=\"twitter:label1\" content=\"Est. reading time\" \/>\n\t<meta name=\"twitter:data1\" content=\"2 minutes\" \/>\n<script type=\"application\/ld+json\" class=\"yoast-schema-graph\">{\"@context\":\"https:\\\/\\\/schema.org\",\"@graph\":[{\"@type\":\"WebPage\",\"@id\":\"https:\\\/\\\/isend.live\\\/en\\\/sms\\\/\",\"url\":\"https:\\\/\\\/isend.live\\\/en\\\/sms\\\/\",\"name\":\"SMS - iSend - WhatsApp - SMS Marketing\",\"isPartOf\":{\"@id\":\"https:\\\/\\\/isend.live\\\/en\\\/#website\"},\"primaryImageOfPage\":{\"@id\":\"https:\\\/\\\/isend.live\\\/en\\\/sms\\\/#primaryimage\"},\"image\":{\"@id\":\"https:\\\/\\\/isend.live\\\/en\\\/sms\\\/#primaryimage\"},\"thumbnailUrl\":\"https:\\\/\\\/isend.live\\\/wp-content\\\/uploads\\\/2023\\\/04\\\/test1.png\",\"datePublished\":\"2023-04-08T15:04:00+00:00\",\"dateModified\":\"2023-04-26T19:58:07+00:00\",\"description\":\"This thread explains some of the key parts of the\u00a0SMS\u00a0page. SMS The core functionality of this platform revolves around SMS\",\"breadcrumb\":{\"@id\":\"https:\\\/\\\/isend.live\\\/en\\\/sms\\\/#breadcrumb\"},\"inLanguage\":\"de-DE\",\"potentialAction\":[{\"@type\":\"ReadAction\",\"target\":[\"https:\\\/\\\/isend.live\\\/en\\\/sms\\\/\"]}]},{\"@type\":\"ImageObject\",\"inLanguage\":\"de-DE\",\"@id\":\"https:\\\/\\\/isend.live\\\/en\\\/sms\\\/#primaryimage\",\"url\":\"https:\\\/\\\/isend.live\\\/wp-content\\\/uploads\\\/2023\\\/04\\\/test1.png\",\"contentUrl\":\"https:\\\/\\\/isend.live\\\/wp-content\\\/uploads\\\/2023\\\/04\\\/test1.png\",\"width\":1902,\"height\":776},{\"@type\":\"BreadcrumbList\",\"@id\":\"https:\\\/\\\/isend.live\\\/en\\\/sms\\\/#breadcrumb\",\"itemListElement\":[{\"@type\":\"ListItem\",\"position\":1,\"name\":\"Home\",\"item\":\"https:\\\/\\\/isend.live\\\/en\\\/\"},{\"@type\":\"ListItem\",\"position\":2,\"name\":\"SMS\"}]},{\"@type\":\"WebSite\",\"@id\":\"https:\\\/\\\/isend.live\\\/en\\\/#website\",\"url\":\"https:\\\/\\\/isend.live\\\/en\\\/\",\"name\":\"iSend - WhatsApp - SMS Marketing\",\"description\":\"Send massive messages to your customers.\",\"publisher\":{\"@id\":\"https:\\\/\\\/isend.live\\\/en\\\/#organization\"},\"potentialAction\":[{\"@type\":\"SearchAction\",\"target\":{\"@type\":\"EntryPoint\",\"urlTemplate\":\"https:\\\/\\\/isend.live\\\/en\\\/?s={search_term_string}\"},\"query-input\":{\"@type\":\"PropertyValueSpecification\",\"valueRequired\":true,\"valueName\":\"search_term_string\"}}],\"inLanguage\":\"de-DE\"},{\"@type\":\"Organization\",\"@id\":\"https:\\\/\\\/isend.live\\\/en\\\/#organization\",\"name\":\"iSend - WhatsApp - SMS Marketing\",\"url\":\"https:\\\/\\\/isend.live\\\/en\\\/\",\"logo\":{\"@type\":\"ImageObject\",\"inLanguage\":\"de-DE\",\"@id\":\"https:\\\/\\\/isend.live\\\/en\\\/#\\\/schema\\\/logo\\\/image\\\/\",\"url\":\"https:\\\/\\\/isend.live\\\/wp-content\\\/uploads\\\/2023\\\/01\\\/iSend-logo-160-green-1.png\",\"contentUrl\":\"https:\\\/\\\/isend.live\\\/wp-content\\\/uploads\\\/2023\\\/01\\\/iSend-logo-160-green-1.png\",\"width\":180,\"height\":58,\"caption\":\"iSend - WhatsApp - SMS Marketing\"},\"image\":{\"@id\":\"https:\\\/\\\/isend.live\\\/en\\\/#\\\/schema\\\/logo\\\/image\\\/\"}}]}<\/script>\n<!-- \/ Yoast SEO plugin. -->","yoast_head_json":{"title":"SMS - iSend - WhatsApp - SMS Marketing","description":"This thread explains some of the key parts of the\u00a0SMS\u00a0page. SMS The core functionality of this platform revolves around SMS","robots":{"index":"index","follow":"follow","max-snippet":"max-snippet:-1","max-image-preview":"max-image-preview:large","max-video-preview":"max-video-preview:-1"},"canonical":"https:\/\/isend.live\/de\/sms\/","og_locale":"de_DE","og_type":"article","og_title":"SMS - iSend - WhatsApp - SMS Marketing","og_description":"This thread explains some of the key parts of the\u00a0SMS\u00a0page. SMS The core functionality of this platform revolves around SMS","og_url":"https:\/\/isend.live\/de\/sms\/","og_site_name":"iSend - WhatsApp - SMS Marketing","article_modified_time":"2023-04-26T19:58:07+00:00","og_image":[{"width":1902,"height":776,"url":"https:\/\/isend.live\/wp-content\/uploads\/2023\/04\/test1.png","type":"image\/png"}],"twitter_card":"summary_large_image","twitter_misc":{"Est. reading time":"2 minutes"},"schema":{"@context":"https:\/\/schema.org","@graph":[{"@type":"WebPage","@id":"https:\/\/isend.live\/en\/sms\/","url":"https:\/\/isend.live\/en\/sms\/","name":"SMS - iSend - WhatsApp - SMS Marketing","isPartOf":{"@id":"https:\/\/isend.live\/en\/#website"},"primaryImageOfPage":{"@id":"https:\/\/isend.live\/en\/sms\/#primaryimage"},"image":{"@id":"https:\/\/isend.live\/en\/sms\/#primaryimage"},"thumbnailUrl":"https:\/\/isend.live\/wp-content\/uploads\/2023\/04\/test1.png","datePublished":"2023-04-08T15:04:00+00:00","dateModified":"2023-04-26T19:58:07+00:00","description":"This thread explains some of the key parts of the\u00a0SMS\u00a0page. SMS The core functionality of this platform revolves around SMS","breadcrumb":{"@id":"https:\/\/isend.live\/en\/sms\/#breadcrumb"},"inLanguage":"de-DE","potentialAction":[{"@type":"ReadAction","target":["https:\/\/isend.live\/en\/sms\/"]}]},{"@type":"ImageObject","inLanguage":"de-DE","@id":"https:\/\/isend.live\/en\/sms\/#primaryimage","url":"https:\/\/isend.live\/wp-content\/uploads\/2023\/04\/test1.png","contentUrl":"https:\/\/isend.live\/wp-content\/uploads\/2023\/04\/test1.png","width":1902,"height":776},{"@type":"BreadcrumbList","@id":"https:\/\/isend.live\/en\/sms\/#breadcrumb","itemListElement":[{"@type":"ListItem","position":1,"name":"Home","item":"https:\/\/isend.live\/en\/"},{"@type":"ListItem","position":2,"name":"SMS"}]},{"@type":"WebSite","@id":"https:\/\/isend.live\/en\/#website","url":"https:\/\/isend.live\/en\/","name":"iSend - WhatsApp - SMS-Marketing","description":"Senden Sie umfangreiche Nachrichten an Ihre Kunden.","publisher":{"@id":"https:\/\/isend.live\/en\/#organization"},"potentialAction":[{"@type":"SearchAction","target":{"@type":"EntryPoint","urlTemplate":"https:\/\/isend.live\/en\/?s={search_term_string}"},"query-input":{"@type":"PropertyValueSpecification","valueRequired":true,"valueName":"search_term_string"}}],"inLanguage":"de-DE"},{"@type":"Organization","@id":"https:\/\/isend.live\/en\/#organization","name":"iSend - WhatsApp - SMS-Marketing","url":"https:\/\/isend.live\/en\/","logo":{"@type":"ImageObject","inLanguage":"de-DE","@id":"https:\/\/isend.live\/en\/#\/schema\/logo\/image\/","url":"https:\/\/isend.live\/wp-content\/uploads\/2023\/01\/iSend-logo-160-green-1.png","contentUrl":"https:\/\/isend.live\/wp-content\/uploads\/2023\/01\/iSend-logo-160-green-1.png","width":180,"height":58,"caption":"iSend - WhatsApp - SMS Marketing"},"image":{"@id":"https:\/\/isend.live\/en\/#\/schema\/logo\/image\/"}}]}},"_links":{"self":[{"href":"https:\/\/isend.live\/de\/wp-json\/wp\/v2\/pages\/3082","targetHints":{"allow":["GET"]}}],"collection":[{"href":"https:\/\/isend.live\/de\/wp-json\/wp\/v2\/pages"}],"about":[{"href":"https:\/\/isend.live\/de\/wp-json\/wp\/v2\/types\/page"}],"author":[{"embeddable":true,"href":"https:\/\/isend.live\/de\/wp-json\/wp\/v2\/users\/1"}],"replies":[{"embeddable":true,"href":"https:\/\/isend.live\/de\/wp-json\/wp\/v2\/comments?post=3082"}],"version-history":[{"count":3,"href":"https:\/\/isend.live\/de\/wp-json\/wp\/v2\/pages\/3082\/revisions"}],"predecessor-version":[{"id":3186,"href":"https:\/\/isend.live\/de\/wp-json\/wp\/v2\/pages\/3082\/revisions\/3186"}],"wp:featuredmedia":[{"embeddable":true,"href":"https:\/\/isend.live\/de\/wp-json\/wp\/v2\/media\/3182"}],"wp:attachment":[{"href":"https:\/\/isend.live\/de\/wp-json\/wp\/v2\/media?parent=3082"}],"curies":[{"name":"wp","href":"https:\/\/api.w.org\/{rel}","templated":true}]}}