{"id":2153,"date":"2023-01-22T19:01:17","date_gmt":"2023-01-22T19:01:17","guid":{"rendered":"https:\/\/isend.live\/?page_id=2153"},"modified":"2023-01-25T15:53:08","modified_gmt":"2023-01-25T15:53:08","slug":"terms-conditions","status":"publish","type":"page","link":"https:\/\/isend.live\/de\/terms-conditions\/","title":{"rendered":"Terms &amp; amp; Bedingungen"},"content":{"rendered":"<div data-elementor-type=\"wp-page\" data-elementor-id=\"2153\" class=\"elementor elementor-2153\" data-elementor-post-type=\"page\">\n\t\t\t\t\t\t<section class=\"elementor-section elementor-top-section elementor-element elementor-element-7ee00cf1 elementor-section-height-min-height elementor-section-boxed elementor-section-height-default elementor-section-items-middle\" data-id=\"7ee00cf1\" data-element_type=\"section\" data-e-type=\"section\" data-settings=\"{&quot;background_background&quot;:&quot;classic&quot;}\">\n\t\t\t\t\t\t\t<div class=\"elementor-background-overlay\"><\/div>\n\t\t\t\t\t\t\t<div class=\"elementor-container elementor-column-gap-default\">\n\t\t\t\t\t<div class=\"elementor-column elementor-col-100 elementor-top-column elementor-element elementor-element-19c0d5d9\" data-id=\"19c0d5d9\" data-element_type=\"column\" data-e-type=\"column\">\n\t\t\t<div class=\"elementor-widget-wrap elementor-element-populated\">\n\t\t\t\t\t\t<div class=\"elementor-element elementor-element-622bba7 elementor-widget elementor-widget-heading\" data-id=\"622bba7\" data-element_type=\"widget\" data-e-type=\"widget\" data-widget_type=\"heading.default\">\n\t\t\t\t<div class=\"elementor-widget-container\">\n\t\t\t\t\t<h1 class=\"elementor-heading-title elementor-size-default\">Terms &amp; amp; Bedingungen<\/h1>\t\t\t\t<\/div>\n\t\t\t\t<\/div>\n\t\t\t\t\t<\/div>\n\t\t<\/div>\n\t\t\t\t\t<\/div>\n\t\t<\/section>\n\t\t\t\t<section class=\"elementor-section elementor-top-section elementor-element elementor-element-7ba8f16 elementor-section-boxed elementor-section-height-default elementor-section-height-default\" data-id=\"7ba8f16\" data-element_type=\"section\" data-e-type=\"section\">\n\t\t\t\t\t\t<div class=\"elementor-container elementor-column-gap-default\">\n\t\t\t\t\t<div class=\"elementor-column elementor-col-100 elementor-top-column elementor-element elementor-element-5eeebe4\" data-id=\"5eeebe4\" data-element_type=\"column\" data-e-type=\"column\">\n\t\t\t<div class=\"elementor-widget-wrap elementor-element-populated\">\n\t\t\t\t\t\t<div class=\"elementor-element elementor-element-fbd9f0f elementor-widget elementor-widget-text-editor\" data-id=\"fbd9f0f\" data-element_type=\"widget\" data-e-type=\"widget\" data-widget_type=\"text-editor.default\">\n\t\t\t\t<div class=\"elementor-widget-container\">\n\t\t\t\t\t\t\t\t\t<p>Allgemeine Gesch\u00e4ftsbedingungen von iSend.live<br \/>Die folgenden Allgemeinen Gesch\u00e4ftsbedingungen (Allgemeine Gesch\u00e4ftsbedingungen) regeln Ihre Nutzung dieser Website und aller Inhalte, die von oder \u00fcber die folgenden iSend.live-Websites (Websites) verf\u00fcgbar gemacht werden, einschlie\u00dflich, aber nicht beschr\u00e4nkt auf:<\/p><p>Site-Name: isend.live<\/p><p>Die Websites sind Eigentum von iSend.live und werden von iSend.live betrieben. (iSend.live oder uns oder uns). Durch die Nutzung und den Zugriff auf die Websites akzeptieren Sie diese Allgemeinen Gesch\u00e4ftsbedingungen.<\/p><p>1. Registrierung<br \/>Sie m\u00fcssen kein Mitglied der Sites sein, um auf die Sites zuzugreifen oder deren Inhalte oder Dienste zu nutzen. Der Zugriff auf einige Bereiche der Websites sowie auf einige Inhalte und Dienste ist jedoch m\u00f6glicherweise nur Mitgliedern vorbehalten.<br \/>Sobald Sie Mitglied werden, m\u00fcssen Sie einen separaten Abonnementvertrag abschlie\u00dfen.<\/p><p>2. Eigentumsrechte<br \/>Die Nutzung der Websites garantiert dem Benutzer kein Eigentum oder Interesse an Inhalten, Codes, Daten oder Materialien, auf die auf oder \u00fcber die Websites zugegriffen werden kann, oder geistige Eigentumsrechte, die an Inhalten, Codes, Daten oder Materialien bestehen, auf die oder \u00fcber die Websites zugegriffen werden kann die Seiten.<br \/>Sie d\u00fcrfen eine einzelne Kopie aller auf den Websites enthaltenen Inhalte herunterladen, ausschlie\u00dflich f\u00fcr den pers\u00f6nlichen und nicht kommerziellen Gebrauch, in \u00dcbereinstimmung mit diesen Nutzungsbedingungen, vorausgesetzt, dass Sie das Urheberrecht und andere in diesen Inhalten enthaltene Hinweise behalten. Davon ausgenommen sind die auf den Websites zum Verkauf angebotenen Produkte\/Lizenzen.<br \/>Die Nutzung der Websites garantiert dem Benutzer kein Eigentum oder Interesse an Inhalten, Codes, Daten oder Materialien, auf die auf oder \u00fcber die Websites zugegriffen werden kann, oder ein geistiges Eigentumsrecht, das an Inhalten, Codes, Daten oder Materialien besteht, auf die zugegriffen werden kann auf die \u00fcber die Websites zugegriffen werden kann.<br \/>Wenn Sie die Websites oder Produkte auf andere Weise nutzen, versto\u00dfen die Inhalte, Codes, Daten oder Materialien auf den Websites oder, die \u00fcber die Websites verf\u00fcgbar sind, sofern oben nichts anderes angegeben ist, gegen das Urheberrecht und andere italienische Gesetze anderer L\u00e4nder und gem\u00e4\u00df den geltenden Bestimmungen Landesgesetze und unterliegen m\u00f6glicherweise einer Haftung f\u00fcr eine solche unbefugte Nutzung.<\/p><p>3. Urheberrechtsbeauftragter<br \/>Wir respektieren die geistigen Eigentumsrechte Dritter und verlangen, dass die Personen, die die Websites oder die auf oder \u00fcber die Websites zur Verf\u00fcgung gestellten Dienste oder Funktionen nutzen, dasselbe tun.<br \/>Wenn Sie glauben, dass Ihr Werk in einer Weise kopiert wurde, die eine Urheberrechtsverletzung darstellt, leiten Sie bitte die folgenden Informationen an iSend.live weiter:<br \/>Ihre Adresse, Telefonnummer und E-Mail-Adresse;<br \/>eine Beschreibung des Standorts des mutma\u00dflich rechtsverletzenden Materials;<br \/>eine Beschreibung des urheberrechtlich gesch\u00fctzten Werks, von dem angenommen wird, dass es verletzt wurde; Ist<br \/>eine Erkl\u00e4rung von Ihnen, dass die oben genannten Informationen in Ihrer Benachrichtigung korrekt sind und dass Sie der Urheberrechtsinhaber sind oder befugt sind, im Namen des Urheberrechtsinhabers zu handeln.<\/p><p>4. Marken<br \/>Marken Die auf den Websites oder in den \u00fcber die Websites verf\u00fcgbaren Inhalte angezeigten Marken, Logos, Dienstleistungsmarken und Handelsnamen (zusammen die Marken) sind eingetragene und nicht eingetragene Marken von iSend.live und anderen.<br \/>Nichts auf den Websites sollte als ausdr\u00fcckliche oder stillschweigende Gew\u00e4hrung einer Lizenz oder eines Rechts zur Nutzung einer auf den Websites angezeigten Marke ohne die schriftliche Genehmigung von iSend.live oder einem Dritten, der m\u00f6glicherweise Eigent\u00fcmer der entsprechenden Marke ist, ausgelegt werden.<\/p><p>5. \u00c4nderungen der Allgemeinen Gesch\u00e4ftsbedingungen<br \/>iSend.live kann diese Allgemeinen Gesch\u00e4ftsbedingungen nach eigenem Ermessen (ganz oder teilweise) von Zeit zu Zeit und jederzeit ohne vorherige Ank\u00fcndigung \u00fcberarbeiten oder \u00e4ndern.<br \/>\u00c4nderungen der Allgemeinen Gesch\u00e4ftsbedingungen werden wirksam, wenn wir sie auf den Websites ver\u00f6ffentlichen.<br \/>Ihre fortgesetzte Nutzung der Websites und\/oder der auf oder \u00fcber die Websites zur Verf\u00fcgung gestellten Dienste nach der Ver\u00f6ffentlichung von \u00c4nderungen an den Allgemeinen Gesch\u00e4ftsbedingungen gilt als Zustimmung zu diesen \u00c4nderungen.<\/p><p>6. Benutzerinformationen<br \/>Im Zuge der Nutzung der Websites und\/oder der auf oder \u00fcber die Websites zur Verf\u00fcgung gestellten Inhalte oder Dienste m\u00fcssen Sie uns m\u00f6glicherweise bestimmte personalisierte Informationen (Benutzerinformationen) zur Verf\u00fcgung stellen. Die Informationserfassungs- und -nutzungsrichtlinien von iSend.live in Bezug auf den Datenschutz dieser Benutzerinformationen sind in den Datenschutzrichtlinien der Websites festgelegt.<br \/>F\u00fcr die Richtigkeit und den Inhalt Ihrer Angaben sind ausschlie\u00dflich Sie verantwortlich.<\/p><p>7. Verlinkung zu den Seiten<br \/>Der Benutzer erkl\u00e4rt sich damit einverstanden, dass, wenn Sie einen Link von einer anderen Website zu den Websites einf\u00fcgen, dieser Link auf die Vollversion einer Seite im HTML-Format der Websites verweisen muss.<br \/>Eine direkte Verbindung zu einem auf den Websites oder in unseren Diensten gehosteten Bild ist nicht gestattet, beispielsweise die Verwendung einer \u201eOnline\u201c-Verbindungsmethode, um die Anzeige des von uns gehosteten Bildes auf einer anderen Website zu veranlassen.<br \/>Sie erkl\u00e4ren sich damit einverstanden, die auf den Websites gehosteten Bilder nicht f\u00fcr irgendeinen Zweck herunterzuladen oder auf einer anderen Website zu verwenden, einschlie\u00dflich, aber nicht beschr\u00e4nkt auf die Ver\u00f6ffentlichung solcher Bilder auf einer anderen Website.<br \/>Sie erkl\u00e4ren sich damit einverstanden, von keiner anderen Website auf die Websites zu verlinken, sodass die Websites oder eine Seite der Websites durch Inhalte, Materialien oder Marken Dritter \u201eeingerahmt\u201c, umgeben oder verdeckt werden.<br \/>Wir behalten uns das Recht vor, darauf zu bestehen, dass alle Links zu den Websites unterbrochen werden, und das Recht, von einer anderen Website aus eine Verbindung zu den Websites herzustellen, jederzeit durch schriftliche Mitteilung an den Benutzer zu widerrufen.<\/p><p>8. Websites Dritter.<br \/>M\u00f6glicherweise k\u00f6nnen Sie zwischen Websites und Websites Dritter (verlinkten Websites) wechseln.<br \/>Sie erkennen an und akzeptieren, dass wir keine Verantwortung f\u00fcr Informationen, Inhalte, Produkte, Dienstleistungen, Werbung, Code oder andere Materialien \u00fcbernehmen, die m\u00f6glicherweise von oder \u00fcber verlinkte Websites bereitgestellt werden oder nicht, selbst wenn diese im Besitz unserer verbundenen Unternehmen sind oder von diesen betrieben werden.<br \/>Die Aufnahme eines Links zu solchen Websites auf unseren Websites bedeutet nicht, dass iSend.live diese Website bef\u00fcrwortet, sponsert oder empfiehlt.<br \/>iSend.live lehnt jegliche Verantwortung f\u00fcr Links zu einer anderen Website ab.<\/p><p>9. Haftungsausschluss<br \/>Das Gesetz \u00fcber Handelspraktiken und \u00e4hnliche Gesetze zum Thema Staat und Territorium in Italien k\u00f6nnen dem Benutzer Rechte und Rechtsbehelfe in Bezug auf die Lieferung von Waren oder Dienstleistungen auf den Websites einr\u00e4umen, die von iSend.live nicht ausgeschlossen, eingeschr\u00e4nkt oder ge\u00e4ndert werden k\u00f6nnen (Rechte). nicht ausschlie\u00dfbar).<br \/>iSend.livenon schlie\u00dft jedes nicht ausschlie\u00dfbare Recht aus, schlie\u00dft jedoch alle anderen Bedingungen und Garantien aus, die sich aus Sitten, Gesetzen oder Satzungen ergeben.<br \/>Sofern nicht in den nicht ausschlie\u00dfbaren Rechten vorgesehen:<br \/>Alle Inhalte und Dienste auf den Websites werden \u201ewie besehen\u201c und ohne Gew\u00e4hrleistungen jeglicher Art, weder ausdr\u00fccklich noch stillschweigend, bereitgestellt.<br \/>iSend.live und seine Lieferanten lehnen ausdr\u00fccklich alle Gew\u00e4hrleistungen jeglicher Art ab, einschlie\u00dflich beispielsweise stillschweigender Gew\u00e4hrleistungen der Marktg\u00e4ngigkeit und Eignung f\u00fcr einen bestimmten Zweck;<br \/>iSend.live garantiert nicht, dass die in Inhalten enthaltenen Funktionen oder Ihr Zugriff auf die Websites ununterbrochen oder fehlerfrei sind, dass etwaige M\u00e4ngel behoben werden oder dass die Websites oder der Server, der Inhalte speichert und an Sie \u00fcbertr\u00e4gt, frei von St\u00f6rungen sind Viren oder andere Komponenten. sch\u00e4dlich; und iSend.live \u00fcbernimmt keine Garantie und gibt keinerlei Zusicherungen hinsichtlich des Zugriffs oder der Ergebnisse des Zugriffs auf die Websites (einschlie\u00dflich verwandter oder verlinkter Websites) oder jeglicher Inhalte in Bezug auf Richtigkeit, Genauigkeit, Aktualit\u00e4t, Vollst\u00e4ndigkeit, Zuverl\u00e4ssigkeit oder sonstiges.<br \/>In keinem Fall (einschlie\u00dflich, aber nicht beschr\u00e4nkt auf Handlungen oder Unterlassungen seitens iSend.live) haften iSend.live oder seine verbundenen Unternehmen f\u00fcr indirekte, zuf\u00e4llige, besondere und\/oder Folgesch\u00e4den oder entgangenen Gewinn jeglicher Art aus jeglicher Nutzung oder Zugriff oder Unm\u00f6glichkeit der Nutzung oder des Zugriffs auf die Websites oder Inhalte.<br \/>Im gr\u00f6\u00dftm\u00f6glichen gesetzlich zul\u00e4ssigen Umfang ist die Haftung von iSend.live f\u00fcr die Verletzung stillschweigender Garantien oder Bedingungen, die nicht ausgeschlossen werden k\u00f6nnen, auf die folgende Option von iSend.live beschr\u00e4nkt:<br \/>im Falle von Dienstleistungen, die von iSend.live bereitgestellt oder angeboten werden:<br \/>die Erbringung von Dienstleistungen wieder; Zahlung der Kosten f\u00fcr die Erbringung von Dienstleistungen;<br \/>und im Falle der von uns gelieferten oder angebotenen Waren:<br \/>der Ersatz von Verm\u00f6genswerten oder die Lieferung gleichwertiger G\u00fcter; oder<br \/>die Zahlung der Kosten f\u00fcr den Ersatz der Waren oder den Kauf gleichwertiger Waren.<br \/>Wir \u00fcbernehmen keine Verantwortung f\u00fcr etwaige Inkompatibilit\u00e4ten oder Probleme, die durch das mit iSend bereitgestellte kostenlose WordPress-Plugin verursacht werden.<br \/>Es ist nicht m\u00f6glich, eine R\u00fcckerstattung f\u00fcr die gekauften digitalen Produkte zu beantragen.<br \/>Bevor Sie mit dem Kauf fortfahren, k\u00f6nnen Sie die Demoversionen herunterladen, um Evaluierungstests durchzuf\u00fchren.<\/p><p>10. Anwendbare Gesetze<br \/>Wir kontrollieren und verwalten die Websites von unseren B\u00fcros in Italien aus gem\u00e4\u00df den italienischen Gesetzen. Wir erkl\u00e4ren nicht, dass die Materialien auf den Websites f\u00fcr die Verwendung an anderen Orten geeignet oder verf\u00fcgbar sind. Personen, die von anderen Standorten aus auf die Websites zugreifen, tun dies auf eigene Initiative und sind f\u00fcr die Einhaltung lokaler Gesetze verantwortlich, sofern und soweit lokale Gesetze anwendbar sind.<\/p><p>11. Regeln zu Spam<br \/>Es ist absolut verboten, iSend f\u00fcr Spam-Zwecke zu verwenden. Wer Spam erstellt, verst\u00f6\u00dft dagegen\u00a0<a href=\"https:\/\/faq.whatsapp.com\/general\/security-and-privacy\/staying-safe-on-whatsapp\/\">WhatsApp-Regeln<\/a>\u00a0Dies kann zur Schlie\u00dfung des Kontos f\u00fchren.<\/p><p>12. Pers\u00f6nliche Daten<br \/>Durch das Akzeptieren unserer Allgemeinen Gesch\u00e4ftsbedingungen erm\u00e4chtigen Sie uns, Ihre pers\u00f6nlichen Daten f\u00fcr Werbezwecke zu verwenden. Sie k\u00f6nnen jederzeit den Widerruf beantragen.<\/p><p>HINWEIS: iSend steht in keiner Verbindung zu WhatsApp (WhatsApp Inc. und\/oder WhatsApp Ireland Limited) oder zu anderen Unternehmen von Facebook-Unternehmen. Es bestehen keine besonderen Vertragsbeziehungen zwischen iSend und den Messaging-Plattformen im Zusammenhang mit der Erbringung von Dienstleistungen durch iSend an seine Kunden. iSend ben\u00f6tigt Messaging-Plattformdienste, um seinen Kunden seine Dienste anbieten zu k\u00f6nnen. Daher k\u00f6nnten \u00c4nderungen dieser Messaging-Plattformen die iSend-Dienste beeintr\u00e4chtigen oder sogar verhindern. iSend hat keinen Einfluss auf die Bereitstellung der Dienste durch Messaging-Plattformen oder deren technische Konfiguration. iSend ist eine PC- und MAC-Software namens STAND ALONE. Alle Daten werden ausschlie\u00dflich auf dem verwendeten PC gespeichert, ohne dass sie jemals an unsere Server (und\/oder Dritte) oder andere Online-Systeme \u00fcbertragen werden oder von diesen erreicht werden k\u00f6nnen.<\/p>\t\t\t\t\t\t\t\t<\/div>\n\t\t\t\t<\/div>\n\t\t\t\t\t<\/div>\n\t\t<\/div>\n\t\t\t\t\t<\/div>\n\t\t<\/section>\n\t\t\t\t<\/div>","protected":false},"excerpt":{"rendered":"<p>terms conditions iSend.live terms and conditionsThe following terms and conditions (Terms and Conditions) govern your use of this website and any content made available from or through the following iSend.live websites (Sites), including but not limited to: Site name: isend.live The Sites are owned and operated by iSend.live. (iSend.live or us or us). Use and [&hellip;]<\/p>\n","protected":false},"author":1,"featured_media":0,"parent":0,"menu_order":0,"comment_status":"closed","ping_status":"closed","template":"","meta":{"site-sidebar-layout":"no-sidebar","site-content-layout":"page-builder","ast-site-content-layout":"default","site-content-style":"default","site-sidebar-style":"default","ast-global-header-display":"","ast-banner-title-visibility":"","ast-main-header-display":"","ast-hfb-above-header-display":"","ast-hfb-below-header-display":"","ast-hfb-mobile-header-display":"","site-post-title":"disabled","ast-breadcrumbs-content":"","ast-featured-img":"disabled","footer-sml-layout":"","ast-disable-related-posts":"","theme-transparent-header-meta":"enabled","adv-header-id-meta":"","stick-header-meta":"","header-above-stick-meta":"","header-main-stick-meta":"","header-below-stick-meta":"","astra-migrate-meta-layouts":"default","ast-page-background-enabled":"default","ast-page-background-meta":{"desktop":{"background-color":"var(--ast-global-color-4)","background-image":"","background-repeat":"repeat","background-position":"center center","background-size":"auto","background-attachment":"scroll","background-type":"","background-media":"","overlay-type":"","overlay-color":"","overlay-opacity":"","overlay-gradient":""},"tablet":{"background-color":"","background-image":"","background-repeat":"repeat","background-position":"center center","background-size":"auto","background-attachment":"scroll","background-type":"","background-media":"","overlay-type":"","overlay-color":"","overlay-opacity":"","overlay-gradient":""},"mobile":{"background-color":"","background-image":"","background-repeat":"repeat","background-position":"center center","background-size":"auto","background-attachment":"scroll","background-type":"","background-media":"","overlay-type":"","overlay-color":"","overlay-opacity":"","overlay-gradient":""}},"ast-content-background-meta":{"desktop":{"background-color":"var(--ast-global-color-5)","background-image":"","background-repeat":"repeat","background-position":"center center","background-size":"auto","background-attachment":"scroll","background-type":"","background-media":"","overlay-type":"","overlay-color":"","overlay-opacity":"","overlay-gradient":""},"tablet":{"background-color":"var(--ast-global-color-5)","background-image":"","background-repeat":"repeat","background-position":"center center","background-size":"auto","background-attachment":"scroll","background-type":"","background-media":"","overlay-type":"","overlay-color":"","overlay-opacity":"","overlay-gradient":""},"mobile":{"background-color":"var(--ast-global-color-5)","background-image":"","background-repeat":"repeat","background-position":"center center","background-size":"auto","background-attachment":"scroll","background-type":"","background-media":"","overlay-type":"","overlay-color":"","overlay-opacity":"","overlay-gradient":""}},"footnotes":""},"class_list":["post-2153","page","type-page","status-publish","hentry"],"yoast_head":"<!-- This site is optimized with the Yoast SEO plugin v27.3 - https:\/\/yoast.com\/product\/yoast-seo-wordpress\/ -->\n<title>Terms Conditions - iSend - WhatsApp - SMS Marketing<\/title>\n<meta name=\"robots\" content=\"index, follow, max-snippet:-1, max-image-preview:large, max-video-preview:-1\" \/>\n<link rel=\"canonical\" href=\"https:\/\/isend.live\/de\/terms-conditions\/\" \/>\n<meta property=\"og:locale\" content=\"de_DE\" \/>\n<meta property=\"og:type\" content=\"article\" \/>\n<meta property=\"og:title\" content=\"Terms Conditions - iSend - WhatsApp - SMS Marketing\" \/>\n<meta property=\"og:description\" content=\"terms conditions iSend.live terms and conditionsThe following terms and conditions (Terms and Conditions) govern your use of this website and any content made available from or through the following iSend.live websites (Sites), including but not limited to: Site name: isend.live The Sites are owned and operated by iSend.live. (iSend.live or us or us). Use and [&hellip;]\" \/>\n<meta property=\"og:url\" content=\"https:\/\/isend.live\/de\/terms-conditions\/\" \/>\n<meta property=\"og:site_name\" content=\"iSend - WhatsApp - SMS Marketing\" \/>\n<meta property=\"article:modified_time\" content=\"2023-01-25T15:53:08+00:00\" \/>\n<meta name=\"twitter:card\" content=\"summary_large_image\" \/>\n<meta name=\"twitter:label1\" content=\"Est. reading time\" \/>\n\t<meta name=\"twitter:data1\" content=\"8 minutes\" \/>\n<script type=\"application\/ld+json\" class=\"yoast-schema-graph\">{\"@context\":\"https:\\\/\\\/schema.org\",\"@graph\":[{\"@type\":\"WebPage\",\"@id\":\"https:\\\/\\\/isend.live\\\/en\\\/terms-conditions\\\/\",\"url\":\"https:\\\/\\\/isend.live\\\/en\\\/terms-conditions\\\/\",\"name\":\"Terms Conditions - iSend - WhatsApp - SMS Marketing\",\"isPartOf\":{\"@id\":\"https:\\\/\\\/isend.live\\\/en\\\/#website\"},\"datePublished\":\"2023-01-22T19:01:17+00:00\",\"dateModified\":\"2023-01-25T15:53:08+00:00\",\"breadcrumb\":{\"@id\":\"https:\\\/\\\/isend.live\\\/en\\\/terms-conditions\\\/#breadcrumb\"},\"inLanguage\":\"de-DE\",\"potentialAction\":[{\"@type\":\"ReadAction\",\"target\":[\"https:\\\/\\\/isend.live\\\/en\\\/terms-conditions\\\/\"]}]},{\"@type\":\"BreadcrumbList\",\"@id\":\"https:\\\/\\\/isend.live\\\/en\\\/terms-conditions\\\/#breadcrumb\",\"itemListElement\":[{\"@type\":\"ListItem\",\"position\":1,\"name\":\"Home\",\"item\":\"https:\\\/\\\/isend.live\\\/en\\\/\"},{\"@type\":\"ListItem\",\"position\":2,\"name\":\"Terms Conditions\"}]},{\"@type\":\"WebSite\",\"@id\":\"https:\\\/\\\/isend.live\\\/en\\\/#website\",\"url\":\"https:\\\/\\\/isend.live\\\/en\\\/\",\"name\":\"iSend - WhatsApp - SMS Marketing\",\"description\":\"Send massive messages to your customers.\",\"publisher\":{\"@id\":\"https:\\\/\\\/isend.live\\\/en\\\/#organization\"},\"potentialAction\":[{\"@type\":\"SearchAction\",\"target\":{\"@type\":\"EntryPoint\",\"urlTemplate\":\"https:\\\/\\\/isend.live\\\/en\\\/?s={search_term_string}\"},\"query-input\":{\"@type\":\"PropertyValueSpecification\",\"valueRequired\":true,\"valueName\":\"search_term_string\"}}],\"inLanguage\":\"de-DE\"},{\"@type\":\"Organization\",\"@id\":\"https:\\\/\\\/isend.live\\\/en\\\/#organization\",\"name\":\"iSend - WhatsApp - SMS Marketing\",\"url\":\"https:\\\/\\\/isend.live\\\/en\\\/\",\"logo\":{\"@type\":\"ImageObject\",\"inLanguage\":\"de-DE\",\"@id\":\"https:\\\/\\\/isend.live\\\/en\\\/#\\\/schema\\\/logo\\\/image\\\/\",\"url\":\"https:\\\/\\\/isend.live\\\/wp-content\\\/uploads\\\/2023\\\/01\\\/iSend-logo-160-green-1.png\",\"contentUrl\":\"https:\\\/\\\/isend.live\\\/wp-content\\\/uploads\\\/2023\\\/01\\\/iSend-logo-160-green-1.png\",\"width\":180,\"height\":58,\"caption\":\"iSend - WhatsApp - SMS Marketing\"},\"image\":{\"@id\":\"https:\\\/\\\/isend.live\\\/en\\\/#\\\/schema\\\/logo\\\/image\\\/\"}}]}<\/script>\n<!-- \/ Yoast SEO plugin. -->","yoast_head_json":{"title":"Terms Conditions - iSend - WhatsApp - SMS Marketing","robots":{"index":"index","follow":"follow","max-snippet":"max-snippet:-1","max-image-preview":"max-image-preview:large","max-video-preview":"max-video-preview:-1"},"canonical":"https:\/\/isend.live\/de\/terms-conditions\/","og_locale":"de_DE","og_type":"article","og_title":"Terms Conditions - iSend - WhatsApp - SMS Marketing","og_description":"terms conditions iSend.live terms and conditionsThe following terms and conditions (Terms and Conditions) govern your use of this website and any content made available from or through the following iSend.live websites (Sites), including but not limited to: Site name: isend.live The Sites are owned and operated by iSend.live. (iSend.live or us or us). Use and [&hellip;]","og_url":"https:\/\/isend.live\/de\/terms-conditions\/","og_site_name":"iSend - WhatsApp - SMS Marketing","article_modified_time":"2023-01-25T15:53:08+00:00","twitter_card":"summary_large_image","twitter_misc":{"Est. reading time":"8 minutes"},"schema":{"@context":"https:\/\/schema.org","@graph":[{"@type":"WebPage","@id":"https:\/\/isend.live\/en\/terms-conditions\/","url":"https:\/\/isend.live\/en\/terms-conditions\/","name":"Terms Conditions - iSend - WhatsApp - SMS Marketing","isPartOf":{"@id":"https:\/\/isend.live\/en\/#website"},"datePublished":"2023-01-22T19:01:17+00:00","dateModified":"2023-01-25T15:53:08+00:00","breadcrumb":{"@id":"https:\/\/isend.live\/en\/terms-conditions\/#breadcrumb"},"inLanguage":"de-DE","potentialAction":[{"@type":"ReadAction","target":["https:\/\/isend.live\/en\/terms-conditions\/"]}]},{"@type":"BreadcrumbList","@id":"https:\/\/isend.live\/en\/terms-conditions\/#breadcrumb","itemListElement":[{"@type":"ListItem","position":1,"name":"Home","item":"https:\/\/isend.live\/en\/"},{"@type":"ListItem","position":2,"name":"Terms Conditions"}]},{"@type":"WebSite","@id":"https:\/\/isend.live\/en\/#website","url":"https:\/\/isend.live\/en\/","name":"iSend - WhatsApp - SMS-Marketing","description":"Senden Sie umfangreiche Nachrichten an Ihre Kunden.","publisher":{"@id":"https:\/\/isend.live\/en\/#organization"},"potentialAction":[{"@type":"SearchAction","target":{"@type":"EntryPoint","urlTemplate":"https:\/\/isend.live\/en\/?s={search_term_string}"},"query-input":{"@type":"PropertyValueSpecification","valueRequired":true,"valueName":"search_term_string"}}],"inLanguage":"de-DE"},{"@type":"Organization","@id":"https:\/\/isend.live\/en\/#organization","name":"iSend - WhatsApp - SMS-Marketing","url":"https:\/\/isend.live\/en\/","logo":{"@type":"ImageObject","inLanguage":"de-DE","@id":"https:\/\/isend.live\/en\/#\/schema\/logo\/image\/","url":"https:\/\/isend.live\/wp-content\/uploads\/2023\/01\/iSend-logo-160-green-1.png","contentUrl":"https:\/\/isend.live\/wp-content\/uploads\/2023\/01\/iSend-logo-160-green-1.png","width":180,"height":58,"caption":"iSend - WhatsApp - SMS Marketing"},"image":{"@id":"https:\/\/isend.live\/en\/#\/schema\/logo\/image\/"}}]}},"_links":{"self":[{"href":"https:\/\/isend.live\/de\/wp-json\/wp\/v2\/pages\/2153","targetHints":{"allow":["GET"]}}],"collection":[{"href":"https:\/\/isend.live\/de\/wp-json\/wp\/v2\/pages"}],"about":[{"href":"https:\/\/isend.live\/de\/wp-json\/wp\/v2\/types\/page"}],"author":[{"embeddable":true,"href":"https:\/\/isend.live\/de\/wp-json\/wp\/v2\/users\/1"}],"replies":[{"embeddable":true,"href":"https:\/\/isend.live\/de\/wp-json\/wp\/v2\/comments?post=2153"}],"version-history":[{"count":16,"href":"https:\/\/isend.live\/de\/wp-json\/wp\/v2\/pages\/2153\/revisions"}],"predecessor-version":[{"id":2435,"href":"https:\/\/isend.live\/de\/wp-json\/wp\/v2\/pages\/2153\/revisions\/2435"}],"wp:attachment":[{"href":"https:\/\/isend.live\/de\/wp-json\/wp\/v2\/media?parent=2153"}],"curies":[{"name":"wp","href":"https:\/\/api.w.org\/{rel}","templated":true}]}}